{"id":9288,"date":"2023-08-03T11:34:04","date_gmt":"2023-08-03T11:34:04","guid":{"rendered":"https:\/\/www.dianasuperhost.com\/wer-ich-bin\/"},"modified":"2023-08-03T11:43:46","modified_gmt":"2023-08-03T11:43:46","slug":"wer-ich-bin","status":"publish","type":"page","link":"https:\/\/dianasuperhost.com\/de\/wer-ich-bin\/","title":{"rendered":"Wer ich bin"},"content":{"rendered":"\t\t<div data-elementor-type=\"wp-page\" data-elementor-id=\"9288\" class=\"elementor elementor-9288 elementor-334\" data-elementor-post-type=\"page\">\n\t\t\t\t\t\t<section class=\"elementor-section elementor-top-section elementor-element elementor-element-12a41b54 elementor-section-height-full animated-slow elementor-section-content-middle elementor-section-boxed elementor-section-height-default elementor-section-items-middle elementor-invisible\" data-id=\"12a41b54\" data-element_type=\"section\" data-e-type=\"section\" data-settings=\"{&quot;background_background&quot;:&quot;classic&quot;,&quot;animation&quot;:&quot;fadeIn&quot;,&quot;animation_delay&quot;:&quot;300&quot;}\">\n\t\t\t\t\t\t\t<div class=\"elementor-background-overlay\"><\/div>\n\t\t\t\t\t\t\t<div class=\"elementor-container elementor-column-gap-default\">\n\t\t\t\t\t<div class=\"elementor-column elementor-col-100 elementor-top-column elementor-element elementor-element-2052aba6\" data-id=\"2052aba6\" data-element_type=\"column\" data-e-type=\"column\">\n\t\t\t<div class=\"elementor-widget-wrap elementor-element-populated\">\n\t\t\t\t\t\t<div class=\"elementor-element elementor-element-7f9fb04 elementor-widget elementor-widget-menu-anchor\" data-id=\"7f9fb04\" data-element_type=\"widget\" data-e-type=\"widget\" data-widget_type=\"menu-anchor.default\">\n\t\t\t\t<div class=\"elementor-widget-container\">\n\t\t\t\t\t\t\t<div class=\"elementor-menu-anchor\" id=\"oben\"><\/div>\n\t\t\t\t\t\t<\/div>\n\t\t\t\t<\/div>\n\t\t\t\t<div class=\"elementor-element elementor-element-2d1c7aca elementor-widget elementor-widget-heading\" data-id=\"2d1c7aca\" data-element_type=\"widget\" data-e-type=\"widget\" data-widget_type=\"heading.default\">\n\t\t\t\t<div class=\"elementor-widget-container\">\n\t\t\t\t\t<h1 class=\"elementor-heading-title elementor-size-default\">Wer<br>  Bin<\/h1>\t\t\t\t<\/div>\n\t\t\t\t<\/div>\n\t\t\t\t<div class=\"elementor-element elementor-element-2b0d3eea elementor-widget elementor-widget-text-editor\" data-id=\"2b0d3eea\" data-element_type=\"widget\" data-e-type=\"widget\" data-widget_type=\"text-editor.default\">\n\t\t\t\t<div class=\"elementor-widget-container\">\n\t\t\t\t\t\t\t\t\t<h2>Lernen Sie Diana SuperHost kennen<\/h2>\n\t\t\t\t\t\t\t\t<\/div>\n\t\t\t\t<\/div>\n\t\t\t\t\t<\/div>\n\t\t<\/div>\n\t\t\t\t\t<\/div>\n\t\t<\/section>\n\t\t\t\t<section class=\"elementor-section elementor-top-section elementor-element elementor-element-483e2296 elementor-section-height-min-height elementor-section-items-stretch animated-slow elementor-section-boxed elementor-section-height-default elementor-invisible\" data-id=\"483e2296\" data-element_type=\"section\" data-e-type=\"section\" data-settings=\"{&quot;animation&quot;:&quot;fadeIn&quot;,&quot;animation_delay&quot;:&quot;500&quot;,&quot;background_background&quot;:&quot;classic&quot;}\">\n\t\t\t\t\t\t<div class=\"elementor-container elementor-column-gap-wider\">\n\t\t\t\t\t<div class=\"elementor-column elementor-col-50 elementor-top-column elementor-element elementor-element-5b808af8\" data-id=\"5b808af8\" data-element_type=\"column\" data-e-type=\"column\" data-settings=\"{&quot;background_background&quot;:&quot;classic&quot;}\">\n\t\t\t<div class=\"elementor-widget-wrap elementor-element-populated\">\n\t\t\t\t\t<div class=\"elementor-background-overlay\"><\/div>\n\t\t\t\t\t\t<div class=\"elementor-element elementor-element-66eeed39 elementor-widget elementor-widget-spacer\" data-id=\"66eeed39\" data-element_type=\"widget\" data-e-type=\"widget\" data-widget_type=\"spacer.default\">\n\t\t\t\t<div class=\"elementor-widget-container\">\n\t\t\t\t\t\t\t<div class=\"elementor-spacer\">\n\t\t\t<div class=\"elementor-spacer-inner\"><\/div>\n\t\t<\/div>\n\t\t\t\t\t\t<\/div>\n\t\t\t\t<\/div>\n\t\t\t\t<div class=\"elementor-element elementor-element-3d4a599a elementor-widget elementor-widget-heading\" data-id=\"3d4a599a\" data-element_type=\"widget\" data-e-type=\"widget\" data-widget_type=\"heading.default\">\n\t\t\t\t<div class=\"elementor-widget-container\">\n\t\t\t\t\t<h2 class=\"elementor-heading-title elementor-size-default\">Manager f\u00fcr die Verwaltung von Ferienh\u00e4usern<\/h2>\t\t\t\t<\/div>\n\t\t\t\t<\/div>\n\t\t\t\t<div class=\"elementor-element elementor-element-3e419a4 elementor-widget elementor-widget-heading\" data-id=\"3e419a4\" data-element_type=\"widget\" data-e-type=\"widget\" data-widget_type=\"heading.default\">\n\t\t\t\t<div class=\"elementor-widget-container\">\n\t\t\t\t\t<h3 class=\"elementor-heading-title elementor-size-default\">Unternehmerin und Mutter von zwei Kindern<\/h3>\t\t\t\t<\/div>\n\t\t\t\t<\/div>\n\t\t\t\t\t<\/div>\n\t\t<\/div>\n\t\t\t\t<div class=\"elementor-column elementor-col-50 elementor-top-column elementor-element elementor-element-444276e3\" data-id=\"444276e3\" data-element_type=\"column\" data-e-type=\"column\">\n\t\t\t<div class=\"elementor-widget-wrap elementor-element-populated\">\n\t\t\t\t\t\t<div class=\"elementor-element elementor-element-28146969 elementor-widget elementor-widget-text-editor\" data-id=\"28146969\" data-element_type=\"widget\" data-e-type=\"widget\" data-widget_type=\"text-editor.default\">\n\t\t\t\t<div class=\"elementor-widget-container\">\n\t\t\t\t\t\t\t\t\t<p>Mein Name ist Diana Gazzaneo Arias, ich wurde 1979 in Caracas-Venezuela geboren, habe einen Abschluss in Arbeitsbeziehungen, ich habe mein Studium in Spanien homologiert, um ein Diplom in Arbeitsbeziehungen zu erhalten, wo ich seit 2004 lebe. Zu meinen Hobbys geh\u00f6rt das regelm\u00e4\u00dfige Aus\u00fcben von Sport, Yoga und Reisen, wann immer es m\u00f6glich ist. Reisen ist f\u00fcr mich wie eine Injektion positiver Energie<\/p><\/p>\n\t\t\t\t\t\t\t\t<\/div>\n\t\t\t\t<\/div>\n\t\t\t\t<div class=\"elementor-element elementor-element-6ff9cf7 elementor-widget elementor-widget-heading\" data-id=\"6ff9cf7\" data-element_type=\"widget\" data-e-type=\"widget\" data-widget_type=\"heading.default\">\n\t\t\t\t<div class=\"elementor-widget-container\">\n\t\t\t\t\t<p class=\"elementor-heading-title elementor-size-default\">Gl\u00fccklich verheiratet und Mutter von Marina und Santiago, zwei fr\u00f6hlichen, aktiven und gl\u00fccklichen Kindern. Da ich Mutter bin und die Aufgaben dieser neuen Rolle mit dem beruflichen Teil bew\u00e4ltigen m\u00f6chte, habe ich mich entschieden, in der Tourismusbranche t\u00e4tig zu werden.  <br><br>Ich begann mit der Gr\u00fcndung einer kleinen Tourismusvermittlungsfirma namens Travelpuzzling (2012), die es mir erm\u00f6glichte, viel Wissen im Tourismus- und Digitalsektor zu erwerben.<\/p>\t\t\t\t<\/div>\n\t\t\t\t<\/div>\n\t\t\t\t<div class=\"elementor-element elementor-element-8ecc23c elementor-widget elementor-widget-text-editor\" data-id=\"8ecc23c\" data-element_type=\"widget\" data-e-type=\"widget\" data-widget_type=\"text-editor.default\">\n\t\t\t\t<div class=\"elementor-widget-container\">\n\t\t\t\t\t\t\t\t\t<p>Die Verwaltung der Wohnungsvermietung entsteht im Jahr 2014 und seitdem versuche ich, qualitativ hochwertige Unterk\u00fcnfte anzubieten, die dekoriert und ausgestattet sind, damit sich unsere G\u00e4ste wie zu Hause f\u00fchlen. Ich gebe pers\u00f6nliche Aufmerksamkeit. Ich versuche immer, einige Tipps und hochwertige touristische Informationen zu geben, damit Ihr Besuch auf Teneriffa zu einem Erlebnis wird.<\/p>\n\t\t\t\t\t\t\t\t<\/div>\n\t\t\t\t<\/div>\n\t\t\t\t<div class=\"elementor-element elementor-element-378df18e elementor-widget elementor-widget-heading\" data-id=\"378df18e\" data-element_type=\"widget\" data-e-type=\"widget\" data-widget_type=\"heading.default\">\n\t\t\t\t<div class=\"elementor-widget-container\">\n\t\t\t\t\t<p class=\"elementor-heading-title elementor-size-default\">Die Eigent\u00fcmer haben mir ihre Immobilien anvertraut, um sie anderen Menschen zu schenken und so ein zus\u00e4tzliches Einkommen zu erzielen, w\u00e4hrend sie diesen Zweitwohnsitz zu der Zeit genie\u00dfen, die sie w\u00fcnschen.  <br> <br> \n\nIch helfe ihnen bei der Einrichtung vor der Vermietung: Immobilienbewertung, Marktstudie, Ausstattung, Home Staging und allgemeine Beratung  <br> <br>\n\nDeshalb engagiere ich mich nicht nur f\u00fcr den Besucher, sondern auch f\u00fcr den Eigent\u00fcmer der Immobilie.  \nVielen Dank!\n<\/p>\t\t\t\t<\/div>\n\t\t\t\t<\/div>\n\t\t\t\t\t<\/div>\n\t\t<\/div>\n\t\t\t\t\t<\/div>\n\t\t<\/section>\n\t\t\t\t<section class=\"elementor-section elementor-top-section elementor-element elementor-element-fb9d1d6 elementor-section-boxed elementor-section-height-default elementor-section-height-default\" data-id=\"fb9d1d6\" data-element_type=\"section\" data-e-type=\"section\" data-settings=\"{&quot;background_background&quot;:&quot;classic&quot;}\">\n\t\t\t\t\t\t<div class=\"elementor-container elementor-column-gap-default\">\n\t\t\t\t\t<div class=\"elementor-column elementor-col-100 elementor-top-column elementor-element elementor-element-5f90b84\" data-id=\"5f90b84\" data-element_type=\"column\" data-e-type=\"column\" data-settings=\"{&quot;background_background&quot;:&quot;classic&quot;}\">\n\t\t\t<div class=\"elementor-widget-wrap elementor-element-populated\">\n\t\t\t\t\t\t<div class=\"elementor-element elementor-element-8186983 elementor-widget elementor-widget-heading\" data-id=\"8186983\" data-element_type=\"widget\" data-e-type=\"widget\" data-widget_type=\"heading.default\">\n\t\t\t\t<div class=\"elementor-widget-container\">\n\t\t\t\t\t<h2 class=\"elementor-heading-title elementor-size-default\"><a href=\"http:\/\/eNRT\">Interview<\/a><\/h2>\t\t\t\t<\/div>\n\t\t\t\t<\/div>\n\t\t\t\t<div class=\"elementor-element elementor-element-bb87fdf elementor-invisible elementor-widget elementor-widget-video\" data-id=\"bb87fdf\" data-element_type=\"widget\" data-e-type=\"widget\" data-settings=\"{&quot;youtube_url&quot;:&quot;https:\\\/\\\/youtu.be\\\/Gr301huon2I&quot;,&quot;yt_privacy&quot;:&quot;yes&quot;,&quot;lazy_load&quot;:&quot;yes&quot;,&quot;_animation&quot;:&quot;zoomIn&quot;,&quot;video_type&quot;:&quot;youtube&quot;}\" data-widget_type=\"video.default\">\n\t\t\t\t<div class=\"elementor-widget-container\">\n\t\t\t\t\t\t\t<div class=\"elementor-wrapper elementor-open-inline\">\n\t\t\t<div class=\"elementor-video\"><\/div>\t\t<\/div>\n\t\t\t\t\t\t<\/div>\n\t\t\t\t<\/div>\n\t\t\t\t<div class=\"elementor-element elementor-element-2d13706 elementor-invisible elementor-widget elementor-widget-heading\" data-id=\"2d13706\" data-element_type=\"widget\" data-e-type=\"widget\" data-settings=\"{&quot;_animation&quot;:&quot;fadeInRight&quot;}\" data-widget_type=\"heading.default\">\n\t\t\t\t<div class=\"elementor-widget-container\">\n\t\t\t\t\t<p class=\"elementor-heading-title elementor-size-default\">Interview mit Catherine Boutet, Gr\u00fcnderin von @MumsTalent , September 2021<\/p>\t\t\t\t<\/div>\n\t\t\t\t<\/div>\n\t\t\t\t\t<\/div>\n\t\t<\/div>\n\t\t\t\t\t<\/div>\n\t\t<\/section>\n\t\t\t\t<section class=\"elementor-section elementor-top-section elementor-element elementor-element-5c1cd4b elementor-section-full_width elementor-section-height-min-height elementor-section-stretched elementor-section-height-default elementor-section-items-middle\" data-id=\"5c1cd4b\" data-element_type=\"section\" data-e-type=\"section\" data-settings=\"{&quot;stretch_section&quot;:&quot;section-stretched&quot;}\">\n\t\t\t\t\t\t<div class=\"elementor-container elementor-column-gap-no\">\n\t\t\t\t\t<div class=\"elementor-column elementor-col-33 elementor-top-column elementor-element elementor-element-b2ff489\" data-id=\"b2ff489\" data-element_type=\"column\" data-e-type=\"column\" data-settings=\"{&quot;background_background&quot;:&quot;classic&quot;}\">\n\t\t\t<div class=\"elementor-widget-wrap elementor-element-populated\">\n\t\t\t\t\t\t<div class=\"elementor-element elementor-element-f503d86 elementor-invisible elementor-widget elementor-widget-image\" data-id=\"f503d86\" data-element_type=\"widget\" data-e-type=\"widget\" data-settings=\"{&quot;_animation&quot;:&quot;fadeInUp&quot;}\" data-widget_type=\"image.default\">\n\t\t\t\t<div class=\"elementor-widget-container\">\n\t\t\t\t\t\t\t\t\t\t\t\t\t\t\t<img fetchpriority=\"high\" decoding=\"async\" width=\"1600\" height=\"1066\" src=\"https:\/\/dianasuperhost.com\/wp-content\/uploads\/2020\/02\/MG_9882.jpg\" class=\"attachment-full size-full wp-image-3128\" alt=\"\" srcset=\"https:\/\/dianasuperhost.com\/wp-content\/uploads\/2020\/02\/MG_9882.jpg 1600w, https:\/\/dianasuperhost.com\/wp-content\/uploads\/2020\/02\/MG_9882-300x200.jpg 300w, https:\/\/dianasuperhost.com\/wp-content\/uploads\/2020\/02\/MG_9882-1024x682.jpg 1024w, https:\/\/dianasuperhost.com\/wp-content\/uploads\/2020\/02\/MG_9882-768x512.jpg 768w, https:\/\/dianasuperhost.com\/wp-content\/uploads\/2020\/02\/MG_9882-1536x1024.jpg 1536w\" sizes=\"(max-width: 1600px) 100vw, 1600px\" \/>\t\t\t\t\t\t\t\t\t\t\t\t\t\t\t<\/div>\n\t\t\t\t<\/div>\n\t\t\t\t\t<\/div>\n\t\t<\/div>\n\t\t\t\t<div class=\"elementor-column elementor-col-33 elementor-top-column elementor-element elementor-element-2010b1d6\" data-id=\"2010b1d6\" data-element_type=\"column\" data-e-type=\"column\" data-settings=\"{&quot;background_background&quot;:&quot;classic&quot;}\">\n\t\t\t<div class=\"elementor-widget-wrap elementor-element-populated\">\n\t\t\t\t\t\t<div class=\"elementor-element elementor-element-703dc2d5 elementor-invisible elementor-widget elementor-widget-image\" data-id=\"703dc2d5\" data-element_type=\"widget\" data-e-type=\"widget\" data-settings=\"{&quot;_animation&quot;:&quot;fadeInUp&quot;,&quot;_animation_delay&quot;:&quot;200&quot;}\" data-widget_type=\"image.default\">\n\t\t\t\t<div class=\"elementor-widget-container\">\n\t\t\t\t\t\t\t\t\t\t\t\t\t\t\t<img decoding=\"async\" width=\"1600\" height=\"1066\" src=\"https:\/\/dianasuperhost.com\/wp-content\/uploads\/2020\/02\/MG_9938.jpg\" class=\"attachment-full size-full wp-image-1935\" alt=\"\" srcset=\"https:\/\/dianasuperhost.com\/wp-content\/uploads\/2020\/02\/MG_9938.jpg 1600w, https:\/\/dianasuperhost.com\/wp-content\/uploads\/2020\/02\/MG_9938-300x200.jpg 300w, https:\/\/dianasuperhost.com\/wp-content\/uploads\/2020\/02\/MG_9938-1024x682.jpg 1024w, https:\/\/dianasuperhost.com\/wp-content\/uploads\/2020\/02\/MG_9938-768x512.jpg 768w, https:\/\/dianasuperhost.com\/wp-content\/uploads\/2020\/02\/MG_9938-1536x1024.jpg 1536w\" sizes=\"(max-width: 1600px) 100vw, 1600px\" \/>\t\t\t\t\t\t\t\t\t\t\t\t\t\t\t<\/div>\n\t\t\t\t<\/div>\n\t\t\t\t\t<\/div>\n\t\t<\/div>\n\t\t\t\t<div class=\"elementor-column elementor-col-33 elementor-top-column elementor-element elementor-element-647252c2\" data-id=\"647252c2\" data-element_type=\"column\" data-e-type=\"column\" data-settings=\"{&quot;background_background&quot;:&quot;classic&quot;}\">\n\t\t\t<div class=\"elementor-widget-wrap elementor-element-populated\">\n\t\t\t\t\t\t<div class=\"elementor-element elementor-element-593003b3 elementor-invisible elementor-widget elementor-widget-image\" data-id=\"593003b3\" data-element_type=\"widget\" data-e-type=\"widget\" data-settings=\"{&quot;_animation&quot;:&quot;fadeInUp&quot;,&quot;_animation_delay&quot;:&quot;400&quot;}\" data-widget_type=\"image.default\">\n\t\t\t\t<div class=\"elementor-widget-container\">\n\t\t\t\t\t\t\t\t\t\t\t\t\t\t\t<img decoding=\"async\" width=\"1000\" height=\"661\" src=\"https:\/\/dianasuperhost.com\/wp-content\/uploads\/2020\/02\/1.gif\" class=\"attachment-full size-full wp-image-3064\" alt=\"\" \/>\t\t\t\t\t\t\t\t\t\t\t\t\t\t\t<\/div>\n\t\t\t\t<\/div>\n\t\t\t\t\t<\/div>\n\t\t<\/div>\n\t\t\t\t\t<\/div>\n\t\t<\/section>\n\t\t\t\t<section class=\"elementor-section elementor-top-section elementor-element elementor-element-3e9f1668 elementor-section-height-min-height animated-slow elementor-section-full_width elementor-section-items-stretch elementor-section-height-default elementor-invisible\" data-id=\"3e9f1668\" data-element_type=\"section\" data-e-type=\"section\" data-settings=\"{&quot;background_background&quot;:&quot;classic&quot;,&quot;animation&quot;:&quot;fadeIn&quot;,&quot;animation_delay&quot;:&quot;300&quot;}\">\n\t\t\t\t\t\t<div class=\"elementor-container elementor-column-gap-default\">\n\t\t\t\t\t<div class=\"elementor-column elementor-col-100 elementor-top-column elementor-element elementor-element-1bb29647\" data-id=\"1bb29647\" data-element_type=\"column\" data-e-type=\"column\">\n\t\t\t<div class=\"elementor-widget-wrap\">\n\t\t\t\t\t\t\t<\/div>\n\t\t<\/div>\n\t\t\t\t\t<\/div>\n\t\t<\/section>\n\t\t\t\t<section class=\"elementor-section elementor-top-section elementor-element elementor-element-797f9f42 elementor-section-boxed elementor-section-height-default elementor-section-height-default\" data-id=\"797f9f42\" data-element_type=\"section\" data-e-type=\"section\" data-settings=\"{&quot;background_background&quot;:&quot;classic&quot;}\">\n\t\t\t\t\t\t<div class=\"elementor-container elementor-column-gap-default\">\n\t\t\t\t\t<div class=\"elementor-column elementor-col-100 elementor-top-column elementor-element elementor-element-70a12a6\" data-id=\"70a12a6\" data-element_type=\"column\" data-e-type=\"column\">\n\t\t\t<div class=\"elementor-widget-wrap elementor-element-populated\">\n\t\t\t\t\t\t<div class=\"elementor-element elementor-element-d42927f elementor-fixed elementor-view-default elementor-widget elementor-widget-icon\" data-id=\"d42927f\" data-element_type=\"widget\" data-e-type=\"widget\" data-settings=\"{&quot;sticky&quot;:&quot;bottom&quot;,&quot;_position&quot;:&quot;fixed&quot;,&quot;sticky_on&quot;:[&quot;desktop&quot;,&quot;tablet&quot;,&quot;mobile&quot;],&quot;sticky_offset&quot;:0,&quot;sticky_effects_offset&quot;:0,&quot;sticky_anchor_link_offset&quot;:0}\" data-widget_type=\"icon.default\">\n\t\t\t\t<div class=\"elementor-widget-container\">\n\t\t\t\t\t\t\t<div class=\"elementor-icon-wrapper\">\n\t\t\t<a class=\"elementor-icon elementor-animation-pulse\" href=\"#up\">\n\t\t\t<i aria-hidden=\"true\" class=\"fas fa-arrow-alt-circle-up\"><\/i>\t\t\t<\/a>\n\t\t<\/div>\n\t\t\t\t\t\t<\/div>\n\t\t\t\t<\/div>\n\t\t\t\t\t<\/div>\n\t\t<\/div>\n\t\t\t\t\t<\/div>\n\t\t<\/section>\n\t\t\t\t<\/div>\n\t\t","protected":false},"excerpt":{"rendered":"<p>Wer Bin Lernen Sie Diana SuperHost kennen Manager f\u00fcr die Verwaltung von Ferienh\u00e4usern Unternehmerin und Mutter von zwei Kindern Mein Name ist Diana Gazzaneo Arias, ich wurde 1979 in Caracas-Venezuela geboren, habe einen Abschluss in Arbeitsbeziehungen, ich habe mein Studium in Spanien homologiert, um ein Diplom in Arbeitsbeziehungen zu erhalten, wo ich seit 2004 lebe. &#8230; <a title=\"Wer ich bin\" class=\"read-more\" href=\"https:\/\/dianasuperhost.com\/de\/wer-ich-bin\/\" aria-label=\"Mehr Informationen \u00fcber Wer ich bin\">Weiterlesen<\/a><\/p>\n","protected":false},"author":1,"featured_media":0,"parent":0,"menu_order":0,"comment_status":"closed","ping_status":"closed","template":"elementor_header_footer","meta":{"_joinchat":[],"footnotes":""},"class_list":["post-9288","page","type-page","status-publish"],"yoast_head":"<!-- This site is optimized with the Yoast SEO plugin v27.3 - https:\/\/yoast.com\/product\/yoast-seo-wordpress\/ -->\n<title>Wer ich bin &#8226; Diana Superhost<\/title>\n<meta name=\"robots\" content=\"index, follow, max-snippet:-1, max-image-preview:large, max-video-preview:-1\" \/>\n<link rel=\"canonical\" href=\"https:\/\/dianasuperhost.com\/de\/wer-ich-bin\/\" \/>\n<meta name=\"twitter:card\" content=\"summary_large_image\" \/>\n<meta name=\"twitter:title\" content=\"Wer ich bin &#8226; Diana Superhost\" \/>\n<meta name=\"twitter:description\" content=\"Wer Bin Lernen Sie Diana SuperHost kennen Manager f\u00fcr die Verwaltung von Ferienh\u00e4usern Unternehmerin und Mutter von zwei Kindern Mein Name ist Diana Gazzaneo Arias, ich wurde 1979 in Caracas-Venezuela geboren, habe einen Abschluss in Arbeitsbeziehungen, ich habe mein Studium in Spanien homologiert, um ein Diplom in Arbeitsbeziehungen zu erhalten, wo ich seit 2004 lebe. ... Weiterlesen\" \/>\n<meta name=\"twitter:image\" content=\"https:\/\/www.dianasuperhost.com\/wp-content\/uploads\/2020\/02\/MG_9882.jpg\" \/>\n<meta name=\"twitter:label1\" content=\"Gesch\u00e4tzte Lesezeit\" \/>\n\t<meta name=\"twitter:data1\" content=\"2\u00a0Minuten\" \/>\n<script type=\"application\/ld+json\" class=\"yoast-schema-graph\">{\"@context\":\"https:\\\/\\\/schema.org\",\"@graph\":[{\"@type\":\"WebPage\",\"@id\":\"https:\\\/\\\/dianasuperhost.com\\\/de\\\/wer-ich-bin\\\/\",\"url\":\"https:\\\/\\\/dianasuperhost.com\\\/de\\\/wer-ich-bin\\\/\",\"name\":\"Wer ich bin &#8226; Diana Superhost\",\"isPartOf\":{\"@id\":\"https:\\\/\\\/dianasuperhost.com\\\/de\\\/#website\"},\"primaryImageOfPage\":{\"@id\":\"https:\\\/\\\/dianasuperhost.com\\\/de\\\/wer-ich-bin\\\/#primaryimage\"},\"image\":{\"@id\":\"https:\\\/\\\/dianasuperhost.com\\\/de\\\/wer-ich-bin\\\/#primaryimage\"},\"thumbnailUrl\":\"https:\\\/\\\/www.dianasuperhost.com\\\/wp-content\\\/uploads\\\/2020\\\/02\\\/MG_9882.jpg\",\"datePublished\":\"2023-08-03T11:34:04+00:00\",\"dateModified\":\"2023-08-03T11:43:46+00:00\",\"breadcrumb\":{\"@id\":\"https:\\\/\\\/dianasuperhost.com\\\/de\\\/wer-ich-bin\\\/#breadcrumb\"},\"inLanguage\":\"de\",\"potentialAction\":[{\"@type\":\"ReadAction\",\"target\":[\"https:\\\/\\\/dianasuperhost.com\\\/de\\\/wer-ich-bin\\\/\"]}]},{\"@type\":\"ImageObject\",\"inLanguage\":\"de\",\"@id\":\"https:\\\/\\\/dianasuperhost.com\\\/de\\\/wer-ich-bin\\\/#primaryimage\",\"url\":\"https:\\\/\\\/www.dianasuperhost.com\\\/wp-content\\\/uploads\\\/2020\\\/02\\\/MG_9882.jpg\",\"contentUrl\":\"https:\\\/\\\/www.dianasuperhost.com\\\/wp-content\\\/uploads\\\/2020\\\/02\\\/MG_9882.jpg\"},{\"@type\":\"BreadcrumbList\",\"@id\":\"https:\\\/\\\/dianasuperhost.com\\\/de\\\/wer-ich-bin\\\/#breadcrumb\",\"itemListElement\":[{\"@type\":\"ListItem\",\"position\":1,\"name\":\"Portada\",\"item\":\"https:\\\/\\\/dianasuperhost.com\\\/de\\\/inicio\\\/\"},{\"@type\":\"ListItem\",\"position\":2,\"name\":\"Wer ich bin\"}]},{\"@type\":\"WebSite\",\"@id\":\"https:\\\/\\\/dianasuperhost.com\\\/de\\\/#website\",\"url\":\"https:\\\/\\\/dianasuperhost.com\\\/de\\\/\",\"name\":\"Diana Superhost\",\"description\":\"El mejor hospedaje en Tenerife\",\"potentialAction\":[{\"@type\":\"SearchAction\",\"target\":{\"@type\":\"EntryPoint\",\"urlTemplate\":\"https:\\\/\\\/dianasuperhost.com\\\/de\\\/?s={search_term_string}\"},\"query-input\":{\"@type\":\"PropertyValueSpecification\",\"valueRequired\":true,\"valueName\":\"search_term_string\"}}],\"inLanguage\":\"de\"}]}<\/script>\n<!-- \/ Yoast SEO plugin. -->","yoast_head_json":{"title":"Wer ich bin &#8226; Diana Superhost","robots":{"index":"index","follow":"follow","max-snippet":"max-snippet:-1","max-image-preview":"max-image-preview:large","max-video-preview":"max-video-preview:-1"},"canonical":"https:\/\/dianasuperhost.com\/de\/wer-ich-bin\/","twitter_card":"summary_large_image","twitter_title":"Wer ich bin &#8226; Diana Superhost","twitter_description":"Wer Bin Lernen Sie Diana SuperHost kennen Manager f\u00fcr die Verwaltung von Ferienh\u00e4usern Unternehmerin und Mutter von zwei Kindern Mein Name ist Diana Gazzaneo Arias, ich wurde 1979 in Caracas-Venezuela geboren, habe einen Abschluss in Arbeitsbeziehungen, ich habe mein Studium in Spanien homologiert, um ein Diplom in Arbeitsbeziehungen zu erhalten, wo ich seit 2004 lebe. ... Weiterlesen","twitter_image":"https:\/\/www.dianasuperhost.com\/wp-content\/uploads\/2020\/02\/MG_9882.jpg","twitter_misc":{"Gesch\u00e4tzte Lesezeit":"2\u00a0Minuten"},"schema":{"@context":"https:\/\/schema.org","@graph":[{"@type":"WebPage","@id":"https:\/\/dianasuperhost.com\/de\/wer-ich-bin\/","url":"https:\/\/dianasuperhost.com\/de\/wer-ich-bin\/","name":"Wer ich bin &#8226; Diana Superhost","isPartOf":{"@id":"https:\/\/dianasuperhost.com\/de\/#website"},"primaryImageOfPage":{"@id":"https:\/\/dianasuperhost.com\/de\/wer-ich-bin\/#primaryimage"},"image":{"@id":"https:\/\/dianasuperhost.com\/de\/wer-ich-bin\/#primaryimage"},"thumbnailUrl":"https:\/\/www.dianasuperhost.com\/wp-content\/uploads\/2020\/02\/MG_9882.jpg","datePublished":"2023-08-03T11:34:04+00:00","dateModified":"2023-08-03T11:43:46+00:00","breadcrumb":{"@id":"https:\/\/dianasuperhost.com\/de\/wer-ich-bin\/#breadcrumb"},"inLanguage":"de","potentialAction":[{"@type":"ReadAction","target":["https:\/\/dianasuperhost.com\/de\/wer-ich-bin\/"]}]},{"@type":"ImageObject","inLanguage":"de","@id":"https:\/\/dianasuperhost.com\/de\/wer-ich-bin\/#primaryimage","url":"https:\/\/www.dianasuperhost.com\/wp-content\/uploads\/2020\/02\/MG_9882.jpg","contentUrl":"https:\/\/www.dianasuperhost.com\/wp-content\/uploads\/2020\/02\/MG_9882.jpg"},{"@type":"BreadcrumbList","@id":"https:\/\/dianasuperhost.com\/de\/wer-ich-bin\/#breadcrumb","itemListElement":[{"@type":"ListItem","position":1,"name":"Portada","item":"https:\/\/dianasuperhost.com\/de\/inicio\/"},{"@type":"ListItem","position":2,"name":"Wer ich bin"}]},{"@type":"WebSite","@id":"https:\/\/dianasuperhost.com\/de\/#website","url":"https:\/\/dianasuperhost.com\/de\/","name":"Diana Superhost","description":"El mejor hospedaje en Tenerife","potentialAction":[{"@type":"SearchAction","target":{"@type":"EntryPoint","urlTemplate":"https:\/\/dianasuperhost.com\/de\/?s={search_term_string}"},"query-input":{"@type":"PropertyValueSpecification","valueRequired":true,"valueName":"search_term_string"}}],"inLanguage":"de"}]}},"_links":{"self":[{"href":"https:\/\/dianasuperhost.com\/de\/wp-json\/wp\/v2\/pages\/9288","targetHints":{"allow":["GET"]}}],"collection":[{"href":"https:\/\/dianasuperhost.com\/de\/wp-json\/wp\/v2\/pages"}],"about":[{"href":"https:\/\/dianasuperhost.com\/de\/wp-json\/wp\/v2\/types\/page"}],"author":[{"embeddable":true,"href":"https:\/\/dianasuperhost.com\/de\/wp-json\/wp\/v2\/users\/1"}],"replies":[{"embeddable":true,"href":"https:\/\/dianasuperhost.com\/de\/wp-json\/wp\/v2\/comments?post=9288"}],"version-history":[{"count":3,"href":"https:\/\/dianasuperhost.com\/de\/wp-json\/wp\/v2\/pages\/9288\/revisions"}],"predecessor-version":[{"id":9298,"href":"https:\/\/dianasuperhost.com\/de\/wp-json\/wp\/v2\/pages\/9288\/revisions\/9298"}],"wp:attachment":[{"href":"https:\/\/dianasuperhost.com\/de\/wp-json\/wp\/v2\/media?parent=9288"}],"curies":[{"name":"wp","href":"https:\/\/api.w.org\/{rel}","templated":true}]}}