{"id":4216,"date":"2021-04-08T08:44:17","date_gmt":"2021-04-08T08:44:17","guid":{"rendered":"https:\/\/www.dianasuperhost.com\/?page_id=4216"},"modified":"2021-04-20T13:43:09","modified_gmt":"2021-04-20T13:43:09","slug":"blog-sehenswuerdigkeiten","status":"publish","type":"page","link":"https:\/\/dianasuperhost.com\/de\/blog-sehenswuerdigkeiten\/","title":{"rendered":"Blog Sehensw\u00fcrdigkeiten"},"content":{"rendered":"\t\t<div data-elementor-type=\"wp-page\" data-elementor-id=\"4216\" class=\"elementor elementor-4216 elementor-4215\" data-elementor-post-type=\"page\">\n\t\t\t\t\t\t<section class=\"elementor-section elementor-top-section elementor-element elementor-element-665e832c elementor-section-height-min-height elementor-section-full_width elementor-section-height-default elementor-section-items-middle\" data-id=\"665e832c\" data-element_type=\"section\" data-e-type=\"section\" data-settings=\"{&quot;background_background&quot;:&quot;classic&quot;}\">\n\t\t\t\t\t\t\t<div class=\"elementor-background-overlay\"><\/div>\n\t\t\t\t\t\t\t<div class=\"elementor-container elementor-column-gap-default\">\n\t\t\t\t\t<div class=\"elementor-column elementor-col-100 elementor-top-column elementor-element elementor-element-43da9b44\" data-id=\"43da9b44\" data-element_type=\"column\" data-e-type=\"column\">\n\t\t\t<div class=\"elementor-widget-wrap elementor-element-populated\">\n\t\t\t\t\t\t<div class=\"elementor-element elementor-element-2bcb4dd elementor-view-default elementor-widget elementor-widget-icon\" data-id=\"2bcb4dd\" data-element_type=\"widget\" data-e-type=\"widget\" data-widget_type=\"icon.default\">\n\t\t\t\t<div class=\"elementor-widget-container\">\n\t\t\t\t\t\t\t<div class=\"elementor-icon-wrapper\">\n\t\t\t<div class=\"elementor-icon\">\n\t\t\t<i aria-hidden=\"true\" class=\"fas fa-map-marked-alt\"><\/i>\t\t\t<\/div>\n\t\t<\/div>\n\t\t\t\t\t\t<\/div>\n\t\t\t\t<\/div>\n\t\t\t\t<div class=\"elementor-element elementor-element-690d909d elementor-widget elementor-widget-heading\" data-id=\"690d909d\" data-element_type=\"widget\" data-e-type=\"widget\" data-widget_type=\"heading.default\">\n\t\t\t\t<div class=\"elementor-widget-container\">\n\t\t\t\t\t<h1 class=\"elementor-heading-title elementor-size-default\">Sehensw\u00fcrdigkeiten<\/h1>\t\t\t\t<\/div>\n\t\t\t\t<\/div>\n\t\t\t\t<div class=\"elementor-element elementor-element-2ce404a9 elementor-widget elementor-widget-heading\" data-id=\"2ce404a9\" data-element_type=\"widget\" data-e-type=\"widget\" data-widget_type=\"heading.default\">\n\t\t\t\t<div class=\"elementor-widget-container\">\n\t\t\t\t\t<span class=\"elementor-heading-title elementor-size-default\">Unsere Blog-Beitr\u00e4ge<\/span>\t\t\t\t<\/div>\n\t\t\t\t<\/div>\n\t\t\t\t\t<\/div>\n\t\t<\/div>\n\t\t\t\t\t<\/div>\n\t\t<\/section>\n\t\t\t\t<section class=\"elementor-section elementor-top-section elementor-element elementor-element-12043469 elementor-section-content-middle elementor-section-full_width elementor-section-height-default elementor-section-height-default\" data-id=\"12043469\" data-element_type=\"section\" data-e-type=\"section\" data-settings=\"{&quot;background_background&quot;:&quot;classic&quot;}\">\n\t\t\t\t\t\t<div class=\"elementor-container elementor-column-gap-no\">\n\t\t\t\t\t<div class=\"elementor-column elementor-col-100 elementor-top-column elementor-element elementor-element-30438384\" data-id=\"30438384\" data-element_type=\"column\" data-e-type=\"column\">\n\t\t\t<div class=\"elementor-widget-wrap elementor-element-populated\">\n\t\t\t\t\t\t<div class=\"elementor-element elementor-element-1f7fd06 elementor-grid-3 elementor-grid-tablet-2 elementor-grid-mobile-1 elementor-posts--thumbnail-top elementor-widget elementor-widget-posts\" data-id=\"1f7fd06\" data-element_type=\"widget\" data-e-type=\"widget\" data-settings=\"{&quot;classic_columns&quot;:&quot;3&quot;,&quot;classic_columns_tablet&quot;:&quot;2&quot;,&quot;classic_columns_mobile&quot;:&quot;1&quot;,&quot;classic_row_gap&quot;:{&quot;unit&quot;:&quot;px&quot;,&quot;size&quot;:35,&quot;sizes&quot;:[]},&quot;classic_row_gap_tablet&quot;:{&quot;unit&quot;:&quot;px&quot;,&quot;size&quot;:&quot;&quot;,&quot;sizes&quot;:[]},&quot;classic_row_gap_mobile&quot;:{&quot;unit&quot;:&quot;px&quot;,&quot;size&quot;:&quot;&quot;,&quot;sizes&quot;:[]}}\" data-widget_type=\"posts.classic\">\n\t\t\t\t<div class=\"elementor-widget-container\">\n\t\t\t\t\t\t\t<div class=\"elementor-posts-container elementor-posts elementor-posts--skin-classic elementor-grid\" role=\"list\">\n\t\t\t\t<article class=\"elementor-post elementor-grid-item post-4145 post type-post status-publish format-standard has-post-thumbnail hentry category-artikel category-sehenswurdigkeiten\" role=\"listitem\">\n\t\t\t\t<a class=\"elementor-post__thumbnail__link\" href=\"https:\/\/dianasuperhost.com\/de\/die-10-dinge-die-sie-bei-ihrem-besuch-auf-teneriffa-nicht-verpassen-sollten\/\" tabindex=\"-1\" >\n\t\t\t<div class=\"elementor-post__thumbnail\"><img fetchpriority=\"high\" decoding=\"async\" width=\"2000\" height=\"1499\" src=\"https:\/\/dianasuperhost.com\/wp-content\/uploads\/2021\/03\/tenerife.jpg\" class=\"attachment-full size-full wp-image-4152\" alt=\"Teneriffa\" srcset=\"https:\/\/dianasuperhost.com\/wp-content\/uploads\/2021\/03\/tenerife.jpg 2000w, https:\/\/dianasuperhost.com\/wp-content\/uploads\/2021\/03\/tenerife-300x225.jpg 300w, https:\/\/dianasuperhost.com\/wp-content\/uploads\/2021\/03\/tenerife-1024x767.jpg 1024w, https:\/\/dianasuperhost.com\/wp-content\/uploads\/2021\/03\/tenerife-768x576.jpg 768w, https:\/\/dianasuperhost.com\/wp-content\/uploads\/2021\/03\/tenerife-1536x1151.jpg 1536w\" sizes=\"(max-width: 2000px) 100vw, 2000px\" \/><\/div>\n\t\t<\/a>\n\t\t\t\t<div class=\"elementor-post__text\">\n\t\t\t\t<h3 class=\"elementor-post__title\">\n\t\t\t<a href=\"https:\/\/dianasuperhost.com\/de\/die-10-dinge-die-sie-bei-ihrem-besuch-auf-teneriffa-nicht-verpassen-sollten\/\" >\n\t\t\t\tDie 10 Dinge, die Sie bei Ihrem Besuch auf Teneriffa nicht verpassen sollten\t\t\t<\/a>\n\t\t<\/h3>\n\t\t\n\t\t<a class=\"elementor-post__read-more\" href=\"https:\/\/dianasuperhost.com\/de\/die-10-dinge-die-sie-bei-ihrem-besuch-auf-teneriffa-nicht-verpassen-sollten\/\" aria-label=\"Mehr \u00fcber Die 10 Dinge, die Sie bei Ihrem Besuch auf Teneriffa nicht verpassen sollten\" tabindex=\"-1\" >\n\t\t\tWeiterlesen &gt;&gt;\t\t<\/a>\n\n\t\t\t\t<\/div>\n\t\t\t\t<\/article>\n\t\t\t\t<article class=\"elementor-post elementor-grid-item post-4161 post type-post status-publish format-standard has-post-thumbnail hentry category-artikel category-sehenswurdigkeiten\" role=\"listitem\">\n\t\t\t\t<a class=\"elementor-post__thumbnail__link\" href=\"https:\/\/dianasuperhost.com\/de\/wandern-durch-garachico\/\" tabindex=\"-1\" >\n\t\t\t<div class=\"elementor-post__thumbnail\"><img decoding=\"async\" width=\"2000\" height=\"1333\" src=\"https:\/\/dianasuperhost.com\/wp-content\/uploads\/2021\/04\/a-blonde-in-a-sundress-with-a-backpack-walks-along-the-street-of-the-old-town-of-garachico-on-the.jpg\" class=\"attachment-full size-full wp-image-4168\" alt=\"eine Blondine im Sonnenkleid mit Rucksack spaziert entlang der Stra\u00dfe der Altstadt von Garachico auf der\" srcset=\"https:\/\/dianasuperhost.com\/wp-content\/uploads\/2021\/04\/a-blonde-in-a-sundress-with-a-backpack-walks-along-the-street-of-the-old-town-of-garachico-on-the.jpg 2000w, https:\/\/dianasuperhost.com\/wp-content\/uploads\/2021\/04\/a-blonde-in-a-sundress-with-a-backpack-walks-along-the-street-of-the-old-town-of-garachico-on-the-300x200.jpg 300w, https:\/\/dianasuperhost.com\/wp-content\/uploads\/2021\/04\/a-blonde-in-a-sundress-with-a-backpack-walks-along-the-street-of-the-old-town-of-garachico-on-the-1024x682.jpg 1024w, https:\/\/dianasuperhost.com\/wp-content\/uploads\/2021\/04\/a-blonde-in-a-sundress-with-a-backpack-walks-along-the-street-of-the-old-town-of-garachico-on-the-768x512.jpg 768w, https:\/\/dianasuperhost.com\/wp-content\/uploads\/2021\/04\/a-blonde-in-a-sundress-with-a-backpack-walks-along-the-street-of-the-old-town-of-garachico-on-the-1536x1024.jpg 1536w\" sizes=\"(max-width: 2000px) 100vw, 2000px\" \/><\/div>\n\t\t<\/a>\n\t\t\t\t<div class=\"elementor-post__text\">\n\t\t\t\t<h3 class=\"elementor-post__title\">\n\t\t\t<a href=\"https:\/\/dianasuperhost.com\/de\/wandern-durch-garachico\/\" >\n\t\t\t\tWandern durch Garachico\t\t\t<\/a>\n\t\t<\/h3>\n\t\t\n\t\t<a class=\"elementor-post__read-more\" href=\"https:\/\/dianasuperhost.com\/de\/wandern-durch-garachico\/\" aria-label=\"Mehr \u00fcber Wandern durch Garachico\" tabindex=\"-1\" >\n\t\t\tWeiterlesen &gt;&gt;\t\t<\/a>\n\n\t\t\t\t<\/div>\n\t\t\t\t<\/article>\n\t\t\t\t<article class=\"elementor-post elementor-grid-item post-4174 post type-post status-publish format-standard has-post-thumbnail hentry category-artikel category-sehenswurdigkeiten\" role=\"listitem\">\n\t\t\t\t<a class=\"elementor-post__thumbnail__link\" href=\"https:\/\/dianasuperhost.com\/de\/die-wallfahrten-eine-tradition-die-tief-in-den-kanarischen-inseln-verwurzelt-ist\/\" tabindex=\"-1\" >\n\t\t\t<div class=\"elementor-post__thumbnail\"><img decoding=\"async\" width=\"2000\" height=\"1240\" src=\"https:\/\/dianasuperhost.com\/wp-content\/uploads\/2021\/04\/view-over-candelaria-town-in-tenerife-spain.jpg\" class=\"attachment-full size-full wp-image-4182\" alt=\"Blick auf die Stadt Candelaria auf Teneriffa, Spanien\" srcset=\"https:\/\/dianasuperhost.com\/wp-content\/uploads\/2021\/04\/view-over-candelaria-town-in-tenerife-spain.jpg 2000w, https:\/\/dianasuperhost.com\/wp-content\/uploads\/2021\/04\/view-over-candelaria-town-in-tenerife-spain-300x186.jpg 300w, https:\/\/dianasuperhost.com\/wp-content\/uploads\/2021\/04\/view-over-candelaria-town-in-tenerife-spain-1024x635.jpg 1024w, https:\/\/dianasuperhost.com\/wp-content\/uploads\/2021\/04\/view-over-candelaria-town-in-tenerife-spain-768x476.jpg 768w, https:\/\/dianasuperhost.com\/wp-content\/uploads\/2021\/04\/view-over-candelaria-town-in-tenerife-spain-1536x952.jpg 1536w\" sizes=\"(max-width: 2000px) 100vw, 2000px\" \/><\/div>\n\t\t<\/a>\n\t\t\t\t<div class=\"elementor-post__text\">\n\t\t\t\t<h3 class=\"elementor-post__title\">\n\t\t\t<a href=\"https:\/\/dianasuperhost.com\/de\/die-wallfahrten-eine-tradition-die-tief-in-den-kanarischen-inseln-verwurzelt-ist\/\" >\n\t\t\t\tDie Wallfahrten, eine Tradition, die tief in den Kanarischen Inseln verwurzelt ist\t\t\t<\/a>\n\t\t<\/h3>\n\t\t\n\t\t<a class=\"elementor-post__read-more\" href=\"https:\/\/dianasuperhost.com\/de\/die-wallfahrten-eine-tradition-die-tief-in-den-kanarischen-inseln-verwurzelt-ist\/\" aria-label=\"Mehr \u00fcber Die Wallfahrten, eine Tradition, die tief in den Kanarischen Inseln verwurzelt ist\" tabindex=\"-1\" >\n\t\t\tWeiterlesen &gt;&gt;\t\t<\/a>\n\n\t\t\t\t<\/div>\n\t\t\t\t<\/article>\n\t\t\t\t<article class=\"elementor-post elementor-grid-item post-4188 post type-post status-publish format-standard has-post-thumbnail hentry category-artikel category-sehenswurdigkeiten\" role=\"listitem\">\n\t\t\t\t<a class=\"elementor-post__thumbnail__link\" href=\"https:\/\/dianasuperhost.com\/de\/die-zehn-aktivitaeten-die-sie-in-costa-adeje-nicht-verpassen-sollten\/\" tabindex=\"-1\" >\n\t\t\t<div class=\"elementor-post__thumbnail\"><img loading=\"lazy\" decoding=\"async\" width=\"2000\" height=\"1333\" src=\"https:\/\/dianasuperhost.com\/wp-content\/uploads\/2021\/04\/adeje-coast-tenerife-spain.jpg\" class=\"attachment-full size-full wp-image-4194\" alt=\"Auf geht es. Teneriffa, Spanien\" srcset=\"https:\/\/dianasuperhost.com\/wp-content\/uploads\/2021\/04\/adeje-coast-tenerife-spain.jpg 2000w, https:\/\/dianasuperhost.com\/wp-content\/uploads\/2021\/04\/adeje-coast-tenerife-spain-300x200.jpg 300w, https:\/\/dianasuperhost.com\/wp-content\/uploads\/2021\/04\/adeje-coast-tenerife-spain-1024x682.jpg 1024w, https:\/\/dianasuperhost.com\/wp-content\/uploads\/2021\/04\/adeje-coast-tenerife-spain-768x512.jpg 768w, https:\/\/dianasuperhost.com\/wp-content\/uploads\/2021\/04\/adeje-coast-tenerife-spain-1536x1024.jpg 1536w\" sizes=\"(max-width: 2000px) 100vw, 2000px\" \/><\/div>\n\t\t<\/a>\n\t\t\t\t<div class=\"elementor-post__text\">\n\t\t\t\t<h3 class=\"elementor-post__title\">\n\t\t\t<a href=\"https:\/\/dianasuperhost.com\/de\/die-zehn-aktivitaeten-die-sie-in-costa-adeje-nicht-verpassen-sollten\/\" >\n\t\t\t\tDie zehn Aktivit\u00e4ten, die Sie in Costa Adeje nicht verpassen sollten\t\t\t<\/a>\n\t\t<\/h3>\n\t\t\n\t\t<a class=\"elementor-post__read-more\" href=\"https:\/\/dianasuperhost.com\/de\/die-zehn-aktivitaeten-die-sie-in-costa-adeje-nicht-verpassen-sollten\/\" aria-label=\"Mehr \u00fcber Die zehn Aktivit\u00e4ten, die Sie in Costa Adeje nicht verpassen sollten\" tabindex=\"-1\" >\n\t\t\tWeiterlesen &gt;&gt;\t\t<\/a>\n\n\t\t\t\t<\/div>\n\t\t\t\t<\/article>\n\t\t\t\t<\/div>\n\t\t\n\t\t\t\t\t\t<\/div>\n\t\t\t\t<\/div>\n\t\t\t\t\t<\/div>\n\t\t<\/div>\n\t\t\t\t\t<\/div>\n\t\t<\/section>\n\t\t\t\t<section class=\"elementor-section elementor-top-section elementor-element elementor-element-23d146a8 elementor-section-full_width elementor-section-height-min-height elementor-section-height-default elementor-section-items-middle\" data-id=\"23d146a8\" data-element_type=\"section\" data-e-type=\"section\" data-settings=\"{&quot;background_background&quot;:&quot;classic&quot;}\">\n\t\t\t\t\t\t\t<div class=\"elementor-background-overlay\"><\/div>\n\t\t\t\t\t\t\t<div class=\"elementor-container elementor-column-gap-default\">\n\t\t\t\t\t<div class=\"elementor-column elementor-col-100 elementor-top-column elementor-element elementor-element-131c5001\" data-id=\"131c5001\" data-element_type=\"column\" data-e-type=\"column\" data-settings=\"{&quot;background_background&quot;:&quot;classic&quot;}\">\n\t\t\t<div class=\"elementor-widget-wrap elementor-element-populated\">\n\t\t\t\t\t\t<div class=\"elementor-element elementor-element-7b1700e0 elementor-widget elementor-widget-heading\" data-id=\"7b1700e0\" data-element_type=\"widget\" data-e-type=\"widget\" data-widget_type=\"heading.default\">\n\t\t\t\t<div class=\"elementor-widget-container\">\n\t\t\t\t\t<h2 class=\"elementor-heading-title elementor-size-default\">M\u00d6CHTEN SIE MEHR WISSEN?<\/h2>\t\t\t\t<\/div>\n\t\t\t\t<\/div>\n\t\t\t\t<section class=\"elementor-section elementor-inner-section elementor-element elementor-element-78e54cca elementor-section-full_width elementor-section-height-default elementor-section-height-default\" data-id=\"78e54cca\" data-element_type=\"section\" data-e-type=\"section\">\n\t\t\t\t\t\t<div class=\"elementor-container elementor-column-gap-default\">\n\t\t\t\t\t<div class=\"elementor-column elementor-col-50 elementor-inner-column elementor-element elementor-element-68a6a7fc\" data-id=\"68a6a7fc\" data-element_type=\"column\" data-e-type=\"column\">\n\t\t\t<div class=\"elementor-widget-wrap elementor-element-populated\">\n\t\t\t\t\t\t<div class=\"elementor-element elementor-element-4eadab78 elementor-widget elementor-widget-heading\" data-id=\"4eadab78\" data-element_type=\"widget\" data-e-type=\"widget\" data-widget_type=\"heading.default\">\n\t\t\t\t<div class=\"elementor-widget-container\">\n\t\t\t\t\t<h2 class=\"elementor-heading-title elementor-size-default\">Wenn Sie ein Gast von Diana Superhost sind oder Ihre Reservierung vorgenommen haben, geben wir Ihnen weitere Empfehlungen<\/h2>\t\t\t\t<\/div>\n\t\t\t\t<\/div>\n\t\t\t\t<div class=\"elementor-element elementor-element-490cd07f elementor-widget elementor-widget-text-editor\" data-id=\"490cd07f\" data-element_type=\"widget\" data-e-type=\"widget\" data-widget_type=\"text-editor.default\">\n\t\t\t\t<div class=\"elementor-widget-container\">\n\t\t\t\t\t\t\t\t\t<p>Kontaktieren Sie unsere Gastgeber f\u00fcr weitere Tipps, wie Sie das Beste aus Ihrem Besuch machen und Lernen Sie Sehensw\u00fcrdigkeiten kennen, um Ihre Tage des Aufenthalts zu planen<\/p>\n\t\t\t\t\t\t\t\t<\/div>\n\t\t\t\t<\/div>\n\t\t\t\t<div class=\"elementor-element elementor-element-17a5f780 elementor-align-left elementor-widget elementor-widget-button\" data-id=\"17a5f780\" data-element_type=\"widget\" data-e-type=\"widget\" data-widget_type=\"button.default\">\n\t\t\t\t<div class=\"elementor-widget-container\">\n\t\t\t\t\t\t\t\t\t<div class=\"elementor-button-wrapper\">\n\t\t\t\t\t<a class=\"elementor-button elementor-button-link elementor-size-md elementor-animation-bob\" href=\"tel:34654249089\">\n\t\t\t\t\t\t<span class=\"elementor-button-content-wrapper\">\n\t\t\t\t\t\t<span class=\"elementor-button-icon\">\n\t\t\t\t<i aria-hidden=\"true\" class=\"fas fa-phone-alt\"><\/i>\t\t\t<\/span>\n\t\t\t\t\t\t\t\t\t<span class=\"elementor-button-text\">+34 654 249 089<\/span>\n\t\t\t\t\t<\/span>\n\t\t\t\t\t<\/a>\n\t\t\t\t<\/div>\n\t\t\t\t\t\t\t\t<\/div>\n\t\t\t\t<\/div>\n\t\t\t\t\t<\/div>\n\t\t<\/div>\n\t\t\t\t<div class=\"elementor-column elementor-col-50 elementor-inner-column elementor-element elementor-element-370d4b55\" data-id=\"370d4b55\" data-element_type=\"column\" data-e-type=\"column\">\n\t\t\t<div class=\"elementor-widget-wrap\">\n\t\t\t\t\t\t\t<\/div>\n\t\t<\/div>\n\t\t\t\t\t<\/div>\n\t\t<\/section>\n\t\t\t\t\t<\/div>\n\t\t<\/div>\n\t\t\t\t\t<\/div>\n\t\t<\/section>\n\t\t\t\t<\/div>\n\t\t","protected":false},"excerpt":{"rendered":"<p>Sehensw\u00fcrdigkeiten Unsere Blog-Beitr\u00e4ge M\u00d6CHTEN SIE MEHR WISSEN? Wenn Sie ein Gast von Diana Superhost sind oder Ihre Reservierung vorgenommen haben, geben wir Ihnen weitere Empfehlungen<\/p>\n","protected":false},"author":1,"featured_media":0,"parent":0,"menu_order":0,"comment_status":"closed","ping_status":"closed","template":"elementor_header_footer","meta":{"_joinchat":[],"footnotes":""},"class_list":["post-4216","page","type-page","status-publish","hentry"],"yoast_head":"<!-- This site is optimized with the Yoast SEO plugin v27.3 - https:\/\/yoast.com\/product\/yoast-seo-wordpress\/ -->\n<title>Blog Sehensw\u00fcrdigkeiten &#8226; Diana Superhost<\/title>\n<meta name=\"robots\" content=\"index, follow, max-snippet:-1, max-image-preview:large, max-video-preview:-1\" \/>\n<link rel=\"canonical\" href=\"https:\/\/dianasuperhost.com\/de\/blog-sehenswuerdigkeiten\/\" \/>\n<meta name=\"twitter:card\" content=\"summary_large_image\" \/>\n<meta name=\"twitter:title\" content=\"Blog Sehensw\u00fcrdigkeiten &#8226; Diana Superhost\" \/>\n<meta name=\"twitter:description\" content=\"Sehensw\u00fcrdigkeiten Unsere Blog-Beitr\u00e4ge M\u00d6CHTEN SIE MEHR WISSEN? Wenn Sie ein Gast von Diana Superhost sind oder Ihre Reservierung vorgenommen haben, geben wir Ihnen weitere Empfehlungen\" \/>\n<script type=\"application\/ld+json\" class=\"yoast-schema-graph\">{\"@context\":\"https:\\\/\\\/schema.org\",\"@graph\":[{\"@type\":\"WebPage\",\"@id\":\"https:\\\/\\\/dianasuperhost.com\\\/de\\\/blog-sehenswuerdigkeiten\\\/\",\"url\":\"https:\\\/\\\/dianasuperhost.com\\\/de\\\/blog-sehenswuerdigkeiten\\\/\",\"name\":\"Blog Sehensw\u00fcrdigkeiten &#8226; Diana Superhost\",\"isPartOf\":{\"@id\":\"https:\\\/\\\/dianasuperhost.com\\\/de\\\/#website\"},\"datePublished\":\"2021-04-08T08:44:17+00:00\",\"dateModified\":\"2021-04-20T13:43:09+00:00\",\"breadcrumb\":{\"@id\":\"https:\\\/\\\/dianasuperhost.com\\\/de\\\/blog-sehenswuerdigkeiten\\\/#breadcrumb\"},\"inLanguage\":\"de\",\"potentialAction\":[{\"@type\":\"ReadAction\",\"target\":[\"https:\\\/\\\/dianasuperhost.com\\\/de\\\/blog-sehenswuerdigkeiten\\\/\"]}]},{\"@type\":\"BreadcrumbList\",\"@id\":\"https:\\\/\\\/dianasuperhost.com\\\/de\\\/blog-sehenswuerdigkeiten\\\/#breadcrumb\",\"itemListElement\":[{\"@type\":\"ListItem\",\"position\":1,\"name\":\"Portada\",\"item\":\"https:\\\/\\\/dianasuperhost.com\\\/de\\\/inicio\\\/\"},{\"@type\":\"ListItem\",\"position\":2,\"name\":\"Blog Sehensw\u00fcrdigkeiten\"}]},{\"@type\":\"WebSite\",\"@id\":\"https:\\\/\\\/dianasuperhost.com\\\/de\\\/#website\",\"url\":\"https:\\\/\\\/dianasuperhost.com\\\/de\\\/\",\"name\":\"Diana Superhost\",\"description\":\"El mejor hospedaje en Tenerife\",\"potentialAction\":[{\"@type\":\"SearchAction\",\"target\":{\"@type\":\"EntryPoint\",\"urlTemplate\":\"https:\\\/\\\/dianasuperhost.com\\\/de\\\/?s={search_term_string}\"},\"query-input\":{\"@type\":\"PropertyValueSpecification\",\"valueRequired\":true,\"valueName\":\"search_term_string\"}}],\"inLanguage\":\"de\"}]}<\/script>\n<!-- \/ Yoast SEO plugin. -->","yoast_head_json":{"title":"Blog Sehensw\u00fcrdigkeiten &#8226; Diana Superhost","robots":{"index":"index","follow":"follow","max-snippet":"max-snippet:-1","max-image-preview":"max-image-preview:large","max-video-preview":"max-video-preview:-1"},"canonical":"https:\/\/dianasuperhost.com\/de\/blog-sehenswuerdigkeiten\/","twitter_card":"summary_large_image","twitter_title":"Blog Sehensw\u00fcrdigkeiten &#8226; Diana Superhost","twitter_description":"Sehensw\u00fcrdigkeiten Unsere Blog-Beitr\u00e4ge M\u00d6CHTEN SIE MEHR WISSEN? Wenn Sie ein Gast von Diana Superhost sind oder Ihre Reservierung vorgenommen haben, geben wir Ihnen weitere Empfehlungen","schema":{"@context":"https:\/\/schema.org","@graph":[{"@type":"WebPage","@id":"https:\/\/dianasuperhost.com\/de\/blog-sehenswuerdigkeiten\/","url":"https:\/\/dianasuperhost.com\/de\/blog-sehenswuerdigkeiten\/","name":"Blog Sehensw\u00fcrdigkeiten &#8226; Diana Superhost","isPartOf":{"@id":"https:\/\/dianasuperhost.com\/de\/#website"},"datePublished":"2021-04-08T08:44:17+00:00","dateModified":"2021-04-20T13:43:09+00:00","breadcrumb":{"@id":"https:\/\/dianasuperhost.com\/de\/blog-sehenswuerdigkeiten\/#breadcrumb"},"inLanguage":"de","potentialAction":[{"@type":"ReadAction","target":["https:\/\/dianasuperhost.com\/de\/blog-sehenswuerdigkeiten\/"]}]},{"@type":"BreadcrumbList","@id":"https:\/\/dianasuperhost.com\/de\/blog-sehenswuerdigkeiten\/#breadcrumb","itemListElement":[{"@type":"ListItem","position":1,"name":"Portada","item":"https:\/\/dianasuperhost.com\/de\/inicio\/"},{"@type":"ListItem","position":2,"name":"Blog Sehensw\u00fcrdigkeiten"}]},{"@type":"WebSite","@id":"https:\/\/dianasuperhost.com\/de\/#website","url":"https:\/\/dianasuperhost.com\/de\/","name":"Diana Superhost","description":"El mejor hospedaje en Tenerife","potentialAction":[{"@type":"SearchAction","target":{"@type":"EntryPoint","urlTemplate":"https:\/\/dianasuperhost.com\/de\/?s={search_term_string}"},"query-input":{"@type":"PropertyValueSpecification","valueRequired":true,"valueName":"search_term_string"}}],"inLanguage":"de"}]}},"_links":{"self":[{"href":"https:\/\/dianasuperhost.com\/de\/wp-json\/wp\/v2\/pages\/4216","targetHints":{"allow":["GET"]}}],"collection":[{"href":"https:\/\/dianasuperhost.com\/de\/wp-json\/wp\/v2\/pages"}],"about":[{"href":"https:\/\/dianasuperhost.com\/de\/wp-json\/wp\/v2\/types\/page"}],"author":[{"embeddable":true,"href":"https:\/\/dianasuperhost.com\/de\/wp-json\/wp\/v2\/users\/1"}],"replies":[{"embeddable":true,"href":"https:\/\/dianasuperhost.com\/de\/wp-json\/wp\/v2\/comments?post=4216"}],"version-history":[{"count":5,"href":"https:\/\/dianasuperhost.com\/de\/wp-json\/wp\/v2\/pages\/4216\/revisions"}],"predecessor-version":[{"id":5468,"href":"https:\/\/dianasuperhost.com\/de\/wp-json\/wp\/v2\/pages\/4216\/revisions\/5468"}],"wp:attachment":[{"href":"https:\/\/dianasuperhost.com\/de\/wp-json\/wp\/v2\/media?parent=4216"}],"curies":[{"name":"wp","href":"https:\/\/api.w.org\/{rel}","templated":true}]}}