{"id":2204,"date":"2020-09-11T17:18:39","date_gmt":"2020-09-11T17:18:39","guid":{"rendered":"https:\/\/www.dianasuperhost.com\/reservierung-bestaetigt\/"},"modified":"2020-09-11T17:18:43","modified_gmt":"2020-09-11T17:18:43","slug":"reservierung-bestaetigt","status":"publish","type":"page","link":"https:\/\/dianasuperhost.com\/de\/reservierung-bestaetigt\/","title":{"rendered":"Reservierung best\u00e4tigt"},"content":{"rendered":"\t\t<div data-elementor-type=\"wp-page\" data-elementor-id=\"2204\" class=\"elementor elementor-2204 elementor-729\" data-elementor-post-type=\"page\">\n\t\t\t\t\t\t<section class=\"elementor-section elementor-top-section elementor-element elementor-element-f7d5ded elementor-section-boxed elementor-section-height-default elementor-section-height-default\" data-id=\"f7d5ded\" data-element_type=\"section\" data-e-type=\"section\" data-settings=\"{&quot;background_background&quot;:&quot;classic&quot;}\">\n\t\t\t\t\t\t<div class=\"elementor-container elementor-column-gap-default\">\n\t\t\t\t\t<div class=\"elementor-column elementor-col-100 elementor-top-column elementor-element elementor-element-5253a5e\" data-id=\"5253a5e\" data-element_type=\"column\" data-e-type=\"column\">\n\t\t\t<div class=\"elementor-widget-wrap elementor-element-populated\">\n\t\t\t\t\t\t<div class=\"elementor-element elementor-element-8361959 elementor-widget elementor-widget-spacer\" data-id=\"8361959\" data-element_type=\"widget\" data-e-type=\"widget\" data-widget_type=\"spacer.default\">\n\t\t\t\t<div class=\"elementor-widget-container\">\n\t\t\t\t\t\t\t<div class=\"elementor-spacer\">\n\t\t\t<div class=\"elementor-spacer-inner\"><\/div>\n\t\t<\/div>\n\t\t\t\t\t\t<\/div>\n\t\t\t\t<\/div>\n\t\t\t\t<div class=\"elementor-element elementor-element-325e8b4 elementor-view-default elementor-invisible elementor-widget elementor-widget-icon\" data-id=\"325e8b4\" data-element_type=\"widget\" data-e-type=\"widget\" data-settings=\"{&quot;_animation&quot;:&quot;bounceInUp&quot;}\" data-widget_type=\"icon.default\">\n\t\t\t\t<div class=\"elementor-widget-container\">\n\t\t\t\t\t\t\t<div class=\"elementor-icon-wrapper\">\n\t\t\t<div class=\"elementor-icon\">\n\t\t\t<i aria-hidden=\"true\" class=\"far fa-smile-wink\"><\/i>\t\t\t<\/div>\n\t\t<\/div>\n\t\t\t\t\t\t<\/div>\n\t\t\t\t<\/div>\n\t\t\t\t<div class=\"elementor-element elementor-element-c261f68 elementor-invisible elementor-widget elementor-widget-heading\" data-id=\"c261f68\" data-element_type=\"widget\" data-e-type=\"widget\" data-settings=\"{&quot;_animation&quot;:&quot;zoomIn&quot;}\" data-widget_type=\"heading.default\">\n\t\t\t\t<div class=\"elementor-widget-container\">\n\t\t\t\t\t<h2 class=\"elementor-heading-title elementor-size-default\">Vielen Dank!<\/h2>\t\t\t\t<\/div>\n\t\t\t\t<\/div>\n\t\t\t\t<div class=\"elementor-element elementor-element-8b57b21 elementor-widget elementor-widget-text-editor\" data-id=\"8b57b21\" data-element_type=\"widget\" data-e-type=\"widget\" data-widget_type=\"text-editor.default\">\n\t\t\t\t<div class=\"elementor-widget-container\">\n\t\t\t\t\t\t\t\t\t<p>Wir haben Ihre Reservierung korrekt erhalten. \u00dcberpr\u00fcfen Sie Ihre E-Mail f\u00fcr Details.<\/p>\n\t\t\t\t\t\t\t\t<\/div>\n\t\t\t\t<\/div>\n\t\t\t\t<div class=\"elementor-element elementor-element-32af647 elementor-align-center elementor-widget elementor-widget-button\" data-id=\"32af647\" data-element_type=\"widget\" data-e-type=\"widget\" data-widget_type=\"button.default\">\n\t\t\t\t<div class=\"elementor-widget-container\">\n\t\t\t\t\t\t\t\t\t<div class=\"elementor-button-wrapper\">\n\t\t\t\t\t<a class=\"elementor-button elementor-button-link elementor-size-xs elementor-animation-pulse-grow\" href=\"https:\/\/www.dianasuperhost.com\/de\/\">\n\t\t\t\t\t\t<span class=\"elementor-button-content-wrapper\">\n\t\t\t\t\t\t\t\t\t<span class=\"elementor-button-text\">Klicken Sie hier, um zur Startseite zur\u00fcckzukehren<\/span>\n\t\t\t\t\t<\/span>\n\t\t\t\t\t<\/a>\n\t\t\t\t<\/div>\n\t\t\t\t\t\t\t\t<\/div>\n\t\t\t\t<\/div>\n\t\t\t\t<div class=\"elementor-element elementor-element-6a84a30 elementor-widget elementor-widget-spacer\" data-id=\"6a84a30\" data-element_type=\"widget\" data-e-type=\"widget\" data-widget_type=\"spacer.default\">\n\t\t\t\t<div class=\"elementor-widget-container\">\n\t\t\t\t\t\t\t<div class=\"elementor-spacer\">\n\t\t\t<div class=\"elementor-spacer-inner\"><\/div>\n\t\t<\/div>\n\t\t\t\t\t\t<\/div>\n\t\t\t\t<\/div>\n\t\t\t\t\t<\/div>\n\t\t<\/div>\n\t\t\t\t\t<\/div>\n\t\t<\/section>\n\t\t\t\t<\/div>\n\t\t","protected":false},"excerpt":{"rendered":"<p>Vielen Dank! Wir haben Ihre Reservierung korrekt erhalten. \u00dcberpr\u00fcfen Sie Ihre E-Mail f\u00fcr Details. Klicken Sie hier, um zur Startseite zur\u00fcckzukehren<\/p>\n","protected":false},"author":1,"featured_media":0,"parent":0,"menu_order":0,"comment_status":"closed","ping_status":"closed","template":"elementor_header_footer","meta":{"_joinchat":[],"footnotes":""},"class_list":["post-2204","page","type-page","status-publish"],"yoast_head":"<!-- This site is optimized with the Yoast SEO plugin v27.3 - https:\/\/yoast.com\/product\/yoast-seo-wordpress\/ -->\n<title>Reservierung best\u00e4tigt &#8226; Diana Superhost<\/title>\n<meta name=\"robots\" content=\"index, follow, max-snippet:-1, max-image-preview:large, max-video-preview:-1\" \/>\n<link rel=\"canonical\" href=\"https:\/\/dianasuperhost.com\/de\/reservierung-bestaetigt\/\" \/>\n<meta name=\"twitter:card\" content=\"summary_large_image\" \/>\n<meta name=\"twitter:title\" content=\"Reservierung best\u00e4tigt &#8226; Diana Superhost\" \/>\n<meta name=\"twitter:description\" content=\"Vielen Dank! Wir haben Ihre Reservierung korrekt erhalten. \u00dcberpr\u00fcfen Sie Ihre E-Mail f\u00fcr Details. Klicken Sie hier, um zur Startseite zur\u00fcckzukehren\" \/>\n<script type=\"application\/ld+json\" class=\"yoast-schema-graph\">{\"@context\":\"https:\\\/\\\/schema.org\",\"@graph\":[{\"@type\":\"WebPage\",\"@id\":\"https:\\\/\\\/dianasuperhost.com\\\/de\\\/reservierung-bestaetigt\\\/\",\"url\":\"https:\\\/\\\/dianasuperhost.com\\\/de\\\/reservierung-bestaetigt\\\/\",\"name\":\"Reservierung best\u00e4tigt &#8226; Diana Superhost\",\"isPartOf\":{\"@id\":\"https:\\\/\\\/dianasuperhost.com\\\/de\\\/#website\"},\"datePublished\":\"2020-09-11T17:18:39+00:00\",\"dateModified\":\"2020-09-11T17:18:43+00:00\",\"breadcrumb\":{\"@id\":\"https:\\\/\\\/dianasuperhost.com\\\/de\\\/reservierung-bestaetigt\\\/#breadcrumb\"},\"inLanguage\":\"de\",\"potentialAction\":[{\"@type\":\"ReadAction\",\"target\":[\"https:\\\/\\\/dianasuperhost.com\\\/de\\\/reservierung-bestaetigt\\\/\"]}]},{\"@type\":\"BreadcrumbList\",\"@id\":\"https:\\\/\\\/dianasuperhost.com\\\/de\\\/reservierung-bestaetigt\\\/#breadcrumb\",\"itemListElement\":[{\"@type\":\"ListItem\",\"position\":1,\"name\":\"Portada\",\"item\":\"https:\\\/\\\/dianasuperhost.com\\\/de\\\/inicio\\\/\"},{\"@type\":\"ListItem\",\"position\":2,\"name\":\"Reservierung best\u00e4tigt\"}]},{\"@type\":\"WebSite\",\"@id\":\"https:\\\/\\\/dianasuperhost.com\\\/de\\\/#website\",\"url\":\"https:\\\/\\\/dianasuperhost.com\\\/de\\\/\",\"name\":\"Diana Superhost\",\"description\":\"El mejor hospedaje en Tenerife\",\"potentialAction\":[{\"@type\":\"SearchAction\",\"target\":{\"@type\":\"EntryPoint\",\"urlTemplate\":\"https:\\\/\\\/dianasuperhost.com\\\/de\\\/?s={search_term_string}\"},\"query-input\":{\"@type\":\"PropertyValueSpecification\",\"valueRequired\":true,\"valueName\":\"search_term_string\"}}],\"inLanguage\":\"de\"}]}<\/script>\n<!-- \/ Yoast SEO plugin. -->","yoast_head_json":{"title":"Reservierung best\u00e4tigt &#8226; Diana Superhost","robots":{"index":"index","follow":"follow","max-snippet":"max-snippet:-1","max-image-preview":"max-image-preview:large","max-video-preview":"max-video-preview:-1"},"canonical":"https:\/\/dianasuperhost.com\/de\/reservierung-bestaetigt\/","twitter_card":"summary_large_image","twitter_title":"Reservierung best\u00e4tigt &#8226; Diana Superhost","twitter_description":"Vielen Dank! Wir haben Ihre Reservierung korrekt erhalten. \u00dcberpr\u00fcfen Sie Ihre E-Mail f\u00fcr Details. Klicken Sie hier, um zur Startseite zur\u00fcckzukehren","schema":{"@context":"https:\/\/schema.org","@graph":[{"@type":"WebPage","@id":"https:\/\/dianasuperhost.com\/de\/reservierung-bestaetigt\/","url":"https:\/\/dianasuperhost.com\/de\/reservierung-bestaetigt\/","name":"Reservierung best\u00e4tigt &#8226; Diana Superhost","isPartOf":{"@id":"https:\/\/dianasuperhost.com\/de\/#website"},"datePublished":"2020-09-11T17:18:39+00:00","dateModified":"2020-09-11T17:18:43+00:00","breadcrumb":{"@id":"https:\/\/dianasuperhost.com\/de\/reservierung-bestaetigt\/#breadcrumb"},"inLanguage":"de","potentialAction":[{"@type":"ReadAction","target":["https:\/\/dianasuperhost.com\/de\/reservierung-bestaetigt\/"]}]},{"@type":"BreadcrumbList","@id":"https:\/\/dianasuperhost.com\/de\/reservierung-bestaetigt\/#breadcrumb","itemListElement":[{"@type":"ListItem","position":1,"name":"Portada","item":"https:\/\/dianasuperhost.com\/de\/inicio\/"},{"@type":"ListItem","position":2,"name":"Reservierung best\u00e4tigt"}]},{"@type":"WebSite","@id":"https:\/\/dianasuperhost.com\/de\/#website","url":"https:\/\/dianasuperhost.com\/de\/","name":"Diana Superhost","description":"El mejor hospedaje en Tenerife","potentialAction":[{"@type":"SearchAction","target":{"@type":"EntryPoint","urlTemplate":"https:\/\/dianasuperhost.com\/de\/?s={search_term_string}"},"query-input":{"@type":"PropertyValueSpecification","valueRequired":true,"valueName":"search_term_string"}}],"inLanguage":"de"}]}},"_links":{"self":[{"href":"https:\/\/dianasuperhost.com\/de\/wp-json\/wp\/v2\/pages\/2204","targetHints":{"allow":["GET"]}}],"collection":[{"href":"https:\/\/dianasuperhost.com\/de\/wp-json\/wp\/v2\/pages"}],"about":[{"href":"https:\/\/dianasuperhost.com\/de\/wp-json\/wp\/v2\/types\/page"}],"author":[{"embeddable":true,"href":"https:\/\/dianasuperhost.com\/de\/wp-json\/wp\/v2\/users\/1"}],"replies":[{"embeddable":true,"href":"https:\/\/dianasuperhost.com\/de\/wp-json\/wp\/v2\/comments?post=2204"}],"version-history":[{"count":4,"href":"https:\/\/dianasuperhost.com\/de\/wp-json\/wp\/v2\/pages\/2204\/revisions"}],"predecessor-version":[{"id":2208,"href":"https:\/\/dianasuperhost.com\/de\/wp-json\/wp\/v2\/pages\/2204\/revisions\/2208"}],"wp:attachment":[{"href":"https:\/\/dianasuperhost.com\/de\/wp-json\/wp\/v2\/media?parent=2204"}],"curies":[{"name":"wp","href":"https:\/\/api.w.org\/{rel}","templated":true}]}}