{"id":2185,"date":"2020-09-11T17:17:49","date_gmt":"2020-09-11T17:17:49","guid":{"rendered":"https:\/\/www.dianasuperhost.com\/sehenswuerdigkeiten\/"},"modified":"2020-09-11T17:17:50","modified_gmt":"2020-09-11T17:17:50","slug":"sehenswuerdigkeiten","status":"publish","type":"page","link":"https:\/\/dianasuperhost.com\/de\/sehenswuerdigkeiten\/","title":{"rendered":"Sehensw\u00fcrdigkeiten"},"content":{"rendered":"\t\t<div data-elementor-type=\"wp-page\" data-elementor-id=\"2185\" class=\"elementor elementor-2185 elementor-1146\" data-elementor-post-type=\"page\">\n\t\t\t\t\t\t<section class=\"elementor-section elementor-top-section elementor-element elementor-element-21d533be elementor-section-full_width elementor-section-height-min-height elementor-section-height-default elementor-section-items-middle\" data-id=\"21d533be\" data-element_type=\"section\" data-e-type=\"section\" data-settings=\"{&quot;background_background&quot;:&quot;classic&quot;}\">\n\t\t\t\t\t\t\t<div class=\"elementor-background-overlay\"><\/div>\n\t\t\t\t\t\t\t<div class=\"elementor-container elementor-column-gap-default\">\n\t\t\t\t\t<div class=\"elementor-column elementor-col-100 elementor-top-column elementor-element elementor-element-25ee4d81\" data-id=\"25ee4d81\" data-element_type=\"column\" data-e-type=\"column\">\n\t\t\t<div class=\"elementor-widget-wrap elementor-element-populated\">\n\t\t\t\t\t\t<div class=\"elementor-element elementor-element-c0b2908 elementor-view-default elementor-widget elementor-widget-icon\" data-id=\"c0b2908\" data-element_type=\"widget\" data-e-type=\"widget\" data-widget_type=\"icon.default\">\n\t\t\t\t<div class=\"elementor-widget-container\">\n\t\t\t\t\t\t\t<div class=\"elementor-icon-wrapper\">\n\t\t\t<div class=\"elementor-icon\">\n\t\t\t<i aria-hidden=\"true\" class=\"fas fa-mountain\"><\/i>\t\t\t<\/div>\n\t\t<\/div>\n\t\t\t\t\t\t<\/div>\n\t\t\t\t<\/div>\n\t\t\t\t<div class=\"elementor-element elementor-element-2a990595 elementor-invisible elementor-widget elementor-widget-heading\" data-id=\"2a990595\" data-element_type=\"widget\" data-e-type=\"widget\" data-settings=\"{&quot;_animation&quot;:&quot;fadeInRight&quot;}\" data-widget_type=\"heading.default\">\n\t\t\t\t<div class=\"elementor-widget-container\">\n\t\t\t\t\t<h1 class=\"elementor-heading-title elementor-size-default\">Sehensw\u00fcrdigkeiten<\/h1>\t\t\t\t<\/div>\n\t\t\t\t<\/div>\n\t\t\t\t<div class=\"elementor-element elementor-element-b85db86 elementor-widget elementor-widget-heading\" data-id=\"b85db86\" data-element_type=\"widget\" data-e-type=\"widget\" data-widget_type=\"heading.default\">\n\t\t\t\t<div class=\"elementor-widget-container\">\n\t\t\t\t\t<h2 class=\"elementor-heading-title elementor-size-default\">Plant, Ihren Besuch auf unserer sch\u00f6nen Insel zu genie\u00dfen<\/h2>\t\t\t\t<\/div>\n\t\t\t\t<\/div>\n\t\t\t\t\t<\/div>\n\t\t<\/div>\n\t\t\t\t\t<\/div>\n\t\t<\/section>\n\t\t\t\t<section class=\"elementor-section elementor-top-section elementor-element elementor-element-7553600 elementor-section-stretched elementor-section-full_width elementor-section-height-default elementor-section-height-default\" data-id=\"7553600\" data-element_type=\"section\" data-e-type=\"section\" data-settings=\"{&quot;stretch_section&quot;:&quot;section-stretched&quot;,&quot;background_background&quot;:&quot;classic&quot;}\">\n\t\t\t\t\t\t<div class=\"elementor-container elementor-column-gap-default\">\n\t\t\t\t\t<div class=\"elementor-column elementor-col-100 elementor-top-column elementor-element elementor-element-bc6ef8f\" data-id=\"bc6ef8f\" data-element_type=\"column\" data-e-type=\"column\">\n\t\t\t<div class=\"elementor-widget-wrap elementor-element-populated\">\n\t\t\t\t\t\t<div class=\"elementor-element elementor-element-a54623b elementor-widget elementor-widget-spacer\" data-id=\"a54623b\" data-element_type=\"widget\" data-e-type=\"widget\" data-widget_type=\"spacer.default\">\n\t\t\t\t<div class=\"elementor-widget-container\">\n\t\t\t\t\t\t\t<div class=\"elementor-spacer\">\n\t\t\t<div class=\"elementor-spacer-inner\"><\/div>\n\t\t<\/div>\n\t\t\t\t\t\t<\/div>\n\t\t\t\t<\/div>\n\t\t\t\t\t<\/div>\n\t\t<\/div>\n\t\t\t\t\t<\/div>\n\t\t<\/section>\n\t\t\t\t<\/div>\n\t\t","protected":false},"excerpt":{"rendered":"<p>Lugares de inter\u00e9s Planes para disfrutar de tu visita a nuestra bonita isla Cima del Teide, donde Espa\u00f1a toca el cielo Leer m\u00e1s De paseo por Garachico Leer m\u00e1s Tenerife Sur Leer m\u00e1s De pateo por la Cruz del Carmen Leer m\u00e1s Senderismo por las Siete Ca\u00f1adas Leer m\u00e1s<\/p>\n","protected":false},"author":1,"featured_media":0,"parent":0,"menu_order":0,"comment_status":"closed","ping_status":"closed","template":"elementor_header_footer","meta":{"_joinchat":[],"footnotes":""},"class_list":["post-2185","page","type-page","status-publish"],"yoast_head":"<!-- This site is optimized with the Yoast SEO plugin v27.3 - https:\/\/yoast.com\/product\/yoast-seo-wordpress\/ -->\n<title>Sehensw\u00fcrdigkeiten &#8226; Diana Superhost<\/title>\n<meta name=\"robots\" content=\"index, follow, max-snippet:-1, max-image-preview:large, max-video-preview:-1\" \/>\n<link rel=\"canonical\" href=\"https:\/\/dianasuperhost.com\/de\/sehenswuerdigkeiten\/\" \/>\n<meta name=\"twitter:card\" content=\"summary_large_image\" \/>\n<meta name=\"twitter:title\" content=\"Sehensw\u00fcrdigkeiten &#8226; Diana Superhost\" \/>\n<meta name=\"twitter:description\" content=\"Lugares de inter\u00e9s Planes para disfrutar de tu visita a nuestra bonita isla Cima del Teide, donde Espa\u00f1a toca el cielo Leer m\u00e1s De paseo por Garachico Leer m\u00e1s Tenerife Sur Leer m\u00e1s De pateo por la Cruz del Carmen Leer m\u00e1s Senderismo por las Siete Ca\u00f1adas Leer m\u00e1s\" \/>\n<script type=\"application\/ld+json\" class=\"yoast-schema-graph\">{\"@context\":\"https:\\\/\\\/schema.org\",\"@graph\":[{\"@type\":\"WebPage\",\"@id\":\"https:\\\/\\\/dianasuperhost.com\\\/de\\\/sehenswuerdigkeiten\\\/\",\"url\":\"https:\\\/\\\/dianasuperhost.com\\\/de\\\/sehenswuerdigkeiten\\\/\",\"name\":\"Sehensw\u00fcrdigkeiten &#8226; Diana Superhost\",\"isPartOf\":{\"@id\":\"https:\\\/\\\/dianasuperhost.com\\\/de\\\/#website\"},\"datePublished\":\"2020-09-11T17:17:49+00:00\",\"dateModified\":\"2020-09-11T17:17:50+00:00\",\"breadcrumb\":{\"@id\":\"https:\\\/\\\/dianasuperhost.com\\\/de\\\/sehenswuerdigkeiten\\\/#breadcrumb\"},\"inLanguage\":\"de\",\"potentialAction\":[{\"@type\":\"ReadAction\",\"target\":[\"https:\\\/\\\/dianasuperhost.com\\\/de\\\/sehenswuerdigkeiten\\\/\"]}]},{\"@type\":\"BreadcrumbList\",\"@id\":\"https:\\\/\\\/dianasuperhost.com\\\/de\\\/sehenswuerdigkeiten\\\/#breadcrumb\",\"itemListElement\":[{\"@type\":\"ListItem\",\"position\":1,\"name\":\"Portada\",\"item\":\"https:\\\/\\\/dianasuperhost.com\\\/de\\\/inicio\\\/\"},{\"@type\":\"ListItem\",\"position\":2,\"name\":\"Sehensw\u00fcrdigkeiten\"}]},{\"@type\":\"WebSite\",\"@id\":\"https:\\\/\\\/dianasuperhost.com\\\/de\\\/#website\",\"url\":\"https:\\\/\\\/dianasuperhost.com\\\/de\\\/\",\"name\":\"Diana Superhost\",\"description\":\"El mejor hospedaje en Tenerife\",\"potentialAction\":[{\"@type\":\"SearchAction\",\"target\":{\"@type\":\"EntryPoint\",\"urlTemplate\":\"https:\\\/\\\/dianasuperhost.com\\\/de\\\/?s={search_term_string}\"},\"query-input\":{\"@type\":\"PropertyValueSpecification\",\"valueRequired\":true,\"valueName\":\"search_term_string\"}}],\"inLanguage\":\"de\"}]}<\/script>\n<!-- \/ Yoast SEO plugin. -->","yoast_head_json":{"title":"Sehensw\u00fcrdigkeiten &#8226; Diana Superhost","robots":{"index":"index","follow":"follow","max-snippet":"max-snippet:-1","max-image-preview":"max-image-preview:large","max-video-preview":"max-video-preview:-1"},"canonical":"https:\/\/dianasuperhost.com\/de\/sehenswuerdigkeiten\/","twitter_card":"summary_large_image","twitter_title":"Sehensw\u00fcrdigkeiten &#8226; Diana Superhost","twitter_description":"Lugares de inter\u00e9s Planes para disfrutar de tu visita a nuestra bonita isla Cima del Teide, donde Espa\u00f1a toca el cielo Leer m\u00e1s De paseo por Garachico Leer m\u00e1s Tenerife Sur Leer m\u00e1s De pateo por la Cruz del Carmen Leer m\u00e1s Senderismo por las Siete Ca\u00f1adas Leer m\u00e1s","schema":{"@context":"https:\/\/schema.org","@graph":[{"@type":"WebPage","@id":"https:\/\/dianasuperhost.com\/de\/sehenswuerdigkeiten\/","url":"https:\/\/dianasuperhost.com\/de\/sehenswuerdigkeiten\/","name":"Sehensw\u00fcrdigkeiten &#8226; Diana Superhost","isPartOf":{"@id":"https:\/\/dianasuperhost.com\/de\/#website"},"datePublished":"2020-09-11T17:17:49+00:00","dateModified":"2020-09-11T17:17:50+00:00","breadcrumb":{"@id":"https:\/\/dianasuperhost.com\/de\/sehenswuerdigkeiten\/#breadcrumb"},"inLanguage":"de","potentialAction":[{"@type":"ReadAction","target":["https:\/\/dianasuperhost.com\/de\/sehenswuerdigkeiten\/"]}]},{"@type":"BreadcrumbList","@id":"https:\/\/dianasuperhost.com\/de\/sehenswuerdigkeiten\/#breadcrumb","itemListElement":[{"@type":"ListItem","position":1,"name":"Portada","item":"https:\/\/dianasuperhost.com\/de\/inicio\/"},{"@type":"ListItem","position":2,"name":"Sehensw\u00fcrdigkeiten"}]},{"@type":"WebSite","@id":"https:\/\/dianasuperhost.com\/de\/#website","url":"https:\/\/dianasuperhost.com\/de\/","name":"Diana Superhost","description":"El mejor hospedaje en Tenerife","potentialAction":[{"@type":"SearchAction","target":{"@type":"EntryPoint","urlTemplate":"https:\/\/dianasuperhost.com\/de\/?s={search_term_string}"},"query-input":{"@type":"PropertyValueSpecification","valueRequired":true,"valueName":"search_term_string"}}],"inLanguage":"de"}]}},"_links":{"self":[{"href":"https:\/\/dianasuperhost.com\/de\/wp-json\/wp\/v2\/pages\/2185","targetHints":{"allow":["GET"]}}],"collection":[{"href":"https:\/\/dianasuperhost.com\/de\/wp-json\/wp\/v2\/pages"}],"about":[{"href":"https:\/\/dianasuperhost.com\/de\/wp-json\/wp\/v2\/types\/page"}],"author":[{"embeddable":true,"href":"https:\/\/dianasuperhost.com\/de\/wp-json\/wp\/v2\/users\/1"}],"replies":[{"embeddable":true,"href":"https:\/\/dianasuperhost.com\/de\/wp-json\/wp\/v2\/comments?post=2185"}],"version-history":[{"count":2,"href":"https:\/\/dianasuperhost.com\/de\/wp-json\/wp\/v2\/pages\/2185\/revisions"}],"predecessor-version":[{"id":2187,"href":"https:\/\/dianasuperhost.com\/de\/wp-json\/wp\/v2\/pages\/2185\/revisions\/2187"}],"wp:attachment":[{"href":"https:\/\/dianasuperhost.com\/de\/wp-json\/wp\/v2\/media?parent=2185"}],"curies":[{"name":"wp","href":"https:\/\/api.w.org\/{rel}","templated":true}]}}