{"id":2174,"date":"2020-09-11T17:17:18","date_gmt":"2020-09-11T17:17:18","guid":{"rendered":"https:\/\/www.dianasuperhost.com\/sport-und-abenteuer\/"},"modified":"2020-09-11T17:17:19","modified_gmt":"2020-09-11T17:17:19","slug":"sport-und-abenteuer","status":"publish","type":"page","link":"https:\/\/dianasuperhost.com\/de\/sport-und-abenteuer\/","title":{"rendered":"Sport und Abenteuer"},"content":{"rendered":"\t\t<div data-elementor-type=\"wp-page\" data-elementor-id=\"2174\" class=\"elementor elementor-2174 elementor-1155\" data-elementor-post-type=\"page\">\n\t\t\t\t\t\t<section class=\"elementor-section elementor-top-section elementor-element elementor-element-21d533be elementor-section-full_width elementor-section-height-min-height elementor-section-height-default elementor-section-items-middle\" data-id=\"21d533be\" data-element_type=\"section\" data-e-type=\"section\" data-settings=\"{&quot;background_background&quot;:&quot;classic&quot;}\">\n\t\t\t\t\t\t\t<div class=\"elementor-background-overlay\"><\/div>\n\t\t\t\t\t\t\t<div class=\"elementor-container elementor-column-gap-default\">\n\t\t\t\t\t<div class=\"elementor-column elementor-col-100 elementor-top-column elementor-element elementor-element-25ee4d81\" data-id=\"25ee4d81\" data-element_type=\"column\" data-e-type=\"column\">\n\t\t\t<div class=\"elementor-widget-wrap elementor-element-populated\">\n\t\t\t\t\t\t<div class=\"elementor-element elementor-element-c0b2908 elementor-view-default elementor-widget elementor-widget-icon\" data-id=\"c0b2908\" data-element_type=\"widget\" data-e-type=\"widget\" data-widget_type=\"icon.default\">\n\t\t\t\t<div class=\"elementor-widget-container\">\n\t\t\t\t\t\t\t<div class=\"elementor-icon-wrapper\">\n\t\t\t<div class=\"elementor-icon\">\n\t\t\t<i aria-hidden=\"true\" class=\"fas fa-mountain\"><\/i>\t\t\t<\/div>\n\t\t<\/div>\n\t\t\t\t\t\t<\/div>\n\t\t\t\t<\/div>\n\t\t\t\t<div class=\"elementor-element elementor-element-2a990595 elementor-invisible elementor-widget elementor-widget-heading\" data-id=\"2a990595\" data-element_type=\"widget\" data-e-type=\"widget\" data-settings=\"{&quot;_animation&quot;:&quot;fadeInRight&quot;}\" data-widget_type=\"heading.default\">\n\t\t\t\t<div class=\"elementor-widget-container\">\n\t\t\t\t\t<h1 class=\"elementor-heading-title elementor-size-default\">Sport und Abenteuer<\/h1>\t\t\t\t<\/div>\n\t\t\t\t<\/div>\n\t\t\t\t<div class=\"elementor-element elementor-element-b85db86 elementor-widget elementor-widget-heading\" data-id=\"b85db86\" data-element_type=\"widget\" data-e-type=\"widget\" data-widget_type=\"heading.default\">\n\t\t\t\t<div class=\"elementor-widget-container\">\n\t\t\t\t\t<h2 class=\"elementor-heading-title elementor-size-default\">Plant, Ihren Besuch auf unserer sch\u00f6nen Insel zu genie\u00dfen<\/h2>\t\t\t\t<\/div>\n\t\t\t\t<\/div>\n\t\t\t\t\t<\/div>\n\t\t<\/div>\n\t\t\t\t\t<\/div>\n\t\t<\/section>\n\t\t\t\t<section class=\"elementor-section elementor-top-section elementor-element elementor-element-b4d34d9 elementor-section-stretched elementor-section-full_width elementor-section-height-default elementor-section-height-default\" data-id=\"b4d34d9\" data-element_type=\"section\" data-e-type=\"section\" data-settings=\"{&quot;stretch_section&quot;:&quot;section-stretched&quot;}\">\n\t\t\t\t\t\t<div class=\"elementor-container elementor-column-gap-default\">\n\t\t\t\t\t<div class=\"elementor-column elementor-col-33 elementor-top-column elementor-element elementor-element-6c1134f\" data-id=\"6c1134f\" data-element_type=\"column\" data-e-type=\"column\">\n\t\t\t<div class=\"elementor-widget-wrap elementor-element-populated\">\n\t\t\t\t\t\t<div class=\"elementor-element elementor-element-05615e8 elementor-position-top elementor-widget elementor-widget-image-box\" data-id=\"05615e8\" data-element_type=\"widget\" data-e-type=\"widget\" data-widget_type=\"image-box.default\">\n\t\t\t\t<div class=\"elementor-widget-container\">\n\t\t\t\t\t<div class=\"elementor-image-box-wrapper\"><figure class=\"elementor-image-box-img\"><img fetchpriority=\"high\" decoding=\"async\" width=\"900\" height=\"600\" src=\"https:\/\/dianasuperhost.com\/wp-content\/uploads\/2020\/03\/Excursio\u0301n-en-Jeep-Tenerife.jpg\" class=\"attachment-full size-full wp-image-1158\" alt=\"\" srcset=\"https:\/\/dianasuperhost.com\/wp-content\/uploads\/2020\/03\/Excursio\u0301n-en-Jeep-Tenerife.jpg 900w, https:\/\/dianasuperhost.com\/wp-content\/uploads\/2020\/03\/Excursio\u0301n-en-Jeep-Tenerife-300x200.jpg 300w, https:\/\/dianasuperhost.com\/wp-content\/uploads\/2020\/03\/Excursio\u0301n-en-Jeep-Tenerife-768x512.jpg 768w\" sizes=\"(max-width: 900px) 100vw, 900px\" \/><\/figure><div class=\"elementor-image-box-content\"><h3 class=\"elementor-image-box-title\">Jeep Teneriffa. Masca Tour<\/h3><p class=\"elementor-image-box-description\">An Bord authentischer 4x4 Jeeps erleben Sie ein einzigartiges Erlebnis und entdecken Sie die sch\u00f6nsten Stra\u00dfen und Routen auf der Insel<\/p><\/div><\/div>\t\t\t\t<\/div>\n\t\t\t\t<\/div>\n\t\t\t\t\t<\/div>\n\t\t<\/div>\n\t\t\t\t<div class=\"elementor-column elementor-col-33 elementor-top-column elementor-element elementor-element-b16737a\" data-id=\"b16737a\" data-element_type=\"column\" data-e-type=\"column\">\n\t\t\t<div class=\"elementor-widget-wrap elementor-element-populated\">\n\t\t\t\t\t\t<div class=\"elementor-element elementor-element-19ef7b9 elementor-position-top elementor-widget elementor-widget-image-box\" data-id=\"19ef7b9\" data-element_type=\"widget\" data-e-type=\"widget\" data-widget_type=\"image-box.default\">\n\t\t\t\t<div class=\"elementor-widget-container\">\n\t\t\t\t\t<div class=\"elementor-image-box-wrapper\"><figure class=\"elementor-image-box-img\"><img decoding=\"async\" width=\"960\" height=\"540\" src=\"https:\/\/dianasuperhost.com\/wp-content\/uploads\/2020\/03\/annaGlide_011.jpg\" class=\"attachment-full size-full wp-image-1159\" alt=\"\" srcset=\"https:\/\/dianasuperhost.com\/wp-content\/uploads\/2020\/03\/annaGlide_011.jpg 960w, https:\/\/dianasuperhost.com\/wp-content\/uploads\/2020\/03\/annaGlide_011-300x169.jpg 300w, https:\/\/dianasuperhost.com\/wp-content\/uploads\/2020\/03\/annaGlide_011-768x432.jpg 768w\" sizes=\"(max-width: 960px) 100vw, 960px\" \/><\/figure><div class=\"elementor-image-box-content\"><h3 class=\"elementor-image-box-title\">Teneriffa Nord Paragliding.  <br>Crown Viewpoint<\/h3><p class=\"elementor-image-box-description\">Genie\u00dfen Sie eines der sch\u00f6nsten Erlebnisse da drau\u00dfen und sp\u00fcren Sie das unbeschreibliche Gef\u00fchl des Fliegens in einem Gleitschirmfliegen im Norden Teneriffas.<\/p><\/div><\/div>\t\t\t\t<\/div>\n\t\t\t\t<\/div>\n\t\t\t\t\t<\/div>\n\t\t<\/div>\n\t\t\t\t<div class=\"elementor-column elementor-col-33 elementor-top-column elementor-element elementor-element-095f546\" data-id=\"095f546\" data-element_type=\"column\" data-e-type=\"column\">\n\t\t\t<div class=\"elementor-widget-wrap elementor-element-populated\">\n\t\t\t\t\t\t<div class=\"elementor-element elementor-element-b010efc elementor-position-top elementor-widget elementor-widget-image-box\" data-id=\"b010efc\" data-element_type=\"widget\" data-e-type=\"widget\" data-widget_type=\"image-box.default\">\n\t\t\t\t<div class=\"elementor-widget-container\">\n\t\t\t\t\t<div class=\"elementor-image-box-wrapper\"><figure class=\"elementor-image-box-img\"><img decoding=\"async\" width=\"902\" height=\"600\" src=\"https:\/\/dianasuperhost.com\/wp-content\/uploads\/2020\/03\/Karting-con-precio.jpg\" class=\"attachment-full size-full wp-image-1162\" alt=\"\" srcset=\"https:\/\/dianasuperhost.com\/wp-content\/uploads\/2020\/03\/Karting-con-precio.jpg 902w, https:\/\/dianasuperhost.com\/wp-content\/uploads\/2020\/03\/Karting-con-precio-300x200.jpg 300w, https:\/\/dianasuperhost.com\/wp-content\/uploads\/2020\/03\/Karting-con-precio-768x511.jpg 768w\" sizes=\"(max-width: 902px) 100vw, 902px\" \/><\/figure><div class=\"elementor-image-box-content\"><h3 class=\"elementor-image-box-title\">Kartfahren Teneriffa<\/h3><p class=\"elementor-image-box-description\">Entdecken Sie das gr\u00f6\u00dfte Kartaufen Teneriffas. Es hat zwei Spuren: Junior und Senior. Ge\u00f6ffnet t\u00e4glich von 10.00 bis 19.30 Uhr<\/p><\/div><\/div>\t\t\t\t<\/div>\n\t\t\t\t<\/div>\n\t\t\t\t\t<\/div>\n\t\t<\/div>\n\t\t\t\t\t<\/div>\n\t\t<\/section>\n\t\t\t\t<section class=\"elementor-section elementor-top-section elementor-element elementor-element-4ad68e1 elementor-section-stretched elementor-section-full_width elementor-section-height-default elementor-section-height-default\" data-id=\"4ad68e1\" data-element_type=\"section\" data-e-type=\"section\" data-settings=\"{&quot;stretch_section&quot;:&quot;section-stretched&quot;}\">\n\t\t\t\t\t\t<div class=\"elementor-container elementor-column-gap-default\">\n\t\t\t\t\t<div class=\"elementor-column elementor-col-33 elementor-top-column elementor-element elementor-element-655d894\" data-id=\"655d894\" data-element_type=\"column\" data-e-type=\"column\">\n\t\t\t<div class=\"elementor-widget-wrap elementor-element-populated\">\n\t\t\t\t\t\t<div class=\"elementor-element elementor-element-221af63 elementor-position-top elementor-widget elementor-widget-image-box\" data-id=\"221af63\" data-element_type=\"widget\" data-e-type=\"widget\" data-widget_type=\"image-box.default\">\n\t\t\t\t<div class=\"elementor-widget-container\">\n\t\t\t\t\t<div class=\"elementor-image-box-wrapper\"><figure class=\"elementor-image-box-img\"><img loading=\"lazy\" decoding=\"async\" width=\"1024\" height=\"683\" src=\"https:\/\/dianasuperhost.com\/wp-content\/uploads\/2020\/03\/Masca.jpg\" class=\"attachment-full size-full wp-image-1168\" alt=\"\" srcset=\"https:\/\/dianasuperhost.com\/wp-content\/uploads\/2020\/03\/Masca.jpg 1024w, https:\/\/dianasuperhost.com\/wp-content\/uploads\/2020\/03\/Masca-300x200.jpg 300w, https:\/\/dianasuperhost.com\/wp-content\/uploads\/2020\/03\/Masca-768x512.jpg 768w\" sizes=\"(max-width: 1024px) 100vw, 1024px\" \/><\/figure><div class=\"elementor-image-box-content\"><h3 class=\"elementor-image-box-title\">Waldpark Teneriffa  <br> <\/h3><p class=\"elementor-image-box-description\">Genie\u00dfen Sie diesen wunderbaren Spaziergang, der durch den Barranco de Masca mit seiner herrlichen Aussicht f\u00fchrt und die Route mit einem erfrischenden Bad am Strand beendet<\/p><\/div><\/div>\t\t\t\t<\/div>\n\t\t\t\t<\/div>\n\t\t\t\t\t<\/div>\n\t\t<\/div>\n\t\t\t\t<div class=\"elementor-column elementor-col-33 elementor-top-column elementor-element elementor-element-65c872c\" data-id=\"65c872c\" data-element_type=\"column\" data-e-type=\"column\">\n\t\t\t<div class=\"elementor-widget-wrap elementor-element-populated\">\n\t\t\t\t\t\t<div class=\"elementor-element elementor-element-5c65d01 elementor-position-top elementor-widget elementor-widget-image-box\" data-id=\"5c65d01\" data-element_type=\"widget\" data-e-type=\"widget\" data-widget_type=\"image-box.default\">\n\t\t\t\t<div class=\"elementor-widget-container\">\n\t\t\t\t\t<div class=\"elementor-image-box-wrapper\"><figure class=\"elementor-image-box-img\"><img loading=\"lazy\" decoding=\"async\" width=\"900\" height=\"598\" src=\"https:\/\/dianasuperhost.com\/wp-content\/uploads\/2020\/03\/Forestal-Park-web06.jpg\" class=\"attachment-full size-full wp-image-1169\" alt=\"\" srcset=\"https:\/\/dianasuperhost.com\/wp-content\/uploads\/2020\/03\/Forestal-Park-web06.jpg 900w, https:\/\/dianasuperhost.com\/wp-content\/uploads\/2020\/03\/Forestal-Park-web06-300x199.jpg 300w, https:\/\/dianasuperhost.com\/wp-content\/uploads\/2020\/03\/Forestal-Park-web06-768x510.jpg 768w\" sizes=\"(max-width: 900px) 100vw, 900px\" \/><\/figure><div class=\"elementor-image-box-content\"><h3 class=\"elementor-image-box-title\">Waldpark Teneriffa  <br>  Zipline Park<\/h3><p class=\"elementor-image-box-description\">Machen Sie sich bereit f\u00fcr das Abenteuer im Forestal Park, diesem neuen Themenpark, in dem Sie mit langen Ziplines in einer au\u00dfergew\u00f6hnlichen Atmosph\u00e4re inmitten eines \u00fcppigen kanarischen Pinienwaldes genie\u00dfen k\u00f6nnen...<\/p><\/div><\/div>\t\t\t\t<\/div>\n\t\t\t\t<\/div>\n\t\t\t\t\t<\/div>\n\t\t<\/div>\n\t\t\t\t<div class=\"elementor-column elementor-col-33 elementor-top-column elementor-element elementor-element-5558ad8\" data-id=\"5558ad8\" data-element_type=\"column\" data-e-type=\"column\">\n\t\t\t<div class=\"elementor-widget-wrap elementor-element-populated\">\n\t\t\t\t\t\t<div class=\"elementor-element elementor-element-fe2a8ca elementor-position-top elementor-widget elementor-widget-image-box\" data-id=\"fe2a8ca\" data-element_type=\"widget\" data-e-type=\"widget\" data-widget_type=\"image-box.default\">\n\t\t\t\t<div class=\"elementor-widget-container\">\n\t\t\t\t\t<div class=\"elementor-image-box-wrapper\"><figure class=\"elementor-image-box-img\"><img loading=\"lazy\" decoding=\"async\" width=\"1542\" height=\"1186\" src=\"https:\/\/dianasuperhost.com\/wp-content\/uploads\/2020\/03\/Captura-de-pantalla-2020-03-25-a-las-14.21.02.png\" class=\"attachment-full size-full wp-image-1171\" alt=\"\" srcset=\"https:\/\/dianasuperhost.com\/wp-content\/uploads\/2020\/03\/Captura-de-pantalla-2020-03-25-a-las-14.21.02.png 1542w, https:\/\/dianasuperhost.com\/wp-content\/uploads\/2020\/03\/Captura-de-pantalla-2020-03-25-a-las-14.21.02-300x231.png 300w, https:\/\/dianasuperhost.com\/wp-content\/uploads\/2020\/03\/Captura-de-pantalla-2020-03-25-a-las-14.21.02-1024x788.png 1024w, https:\/\/dianasuperhost.com\/wp-content\/uploads\/2020\/03\/Captura-de-pantalla-2020-03-25-a-las-14.21.02-768x591.png 768w, https:\/\/dianasuperhost.com\/wp-content\/uploads\/2020\/03\/Captura-de-pantalla-2020-03-25-a-las-14.21.02-1536x1181.png 1536w\" sizes=\"(max-width: 1542px) 100vw, 1542px\" \/><\/figure><div class=\"elementor-image-box-content\"><h3 class=\"elementor-image-box-title\">Tauchkurs  <br>Teneriffa<\/h3><p class=\"elementor-image-box-description\">M\u00f6chten Sie zertifizierter Taucher werden? Beginnen Sie mit dem Tauchkurs, der Ihren Bed\u00fcrfnissen und Ihrer Zeit am besten entspricht. Hier f\u00e4ngt alles an.<\/p><\/div><\/div>\t\t\t\t<\/div>\n\t\t\t\t<\/div>\n\t\t\t\t\t<\/div>\n\t\t<\/div>\n\t\t\t\t\t<\/div>\n\t\t<\/section>\n\t\t\t\t<section class=\"elementor-section elementor-top-section elementor-element elementor-element-7a0f87e elementor-section-boxed elementor-section-height-default elementor-section-height-default\" data-id=\"7a0f87e\" data-element_type=\"section\" data-e-type=\"section\">\n\t\t\t\t\t\t<div class=\"elementor-container elementor-column-gap-default\">\n\t\t\t\t\t<div class=\"elementor-column elementor-col-100 elementor-top-column elementor-element elementor-element-2ff9326\" data-id=\"2ff9326\" data-element_type=\"column\" data-e-type=\"column\">\n\t\t\t<div class=\"elementor-widget-wrap elementor-element-populated\">\n\t\t\t\t\t\t<div class=\"elementor-element elementor-element-6479b31 elementor-widget elementor-widget-spacer\" data-id=\"6479b31\" data-element_type=\"widget\" data-e-type=\"widget\" data-widget_type=\"spacer.default\">\n\t\t\t\t<div class=\"elementor-widget-container\">\n\t\t\t\t\t\t\t<div class=\"elementor-spacer\">\n\t\t\t<div class=\"elementor-spacer-inner\"><\/div>\n\t\t<\/div>\n\t\t\t\t\t\t<\/div>\n\t\t\t\t<\/div>\n\t\t\t\t\t<\/div>\n\t\t<\/div>\n\t\t\t\t\t<\/div>\n\t\t<\/section>\n\t\t\t\t<\/div>\n\t\t","protected":false},"excerpt":{"rendered":"<p>Sport und Abenteuer Plant, Ihren Besuch auf unserer sch\u00f6nen Insel zu genie\u00dfen Jeep Teneriffa. Masca Tour An Bord authentischer 4&#215;4 Jeeps erleben Sie ein einzigartiges Erlebnis und entdecken Sie die sch\u00f6nsten Stra\u00dfen und Routen auf der Insel Teneriffa Nord Paragliding. Crown Viewpoint Genie\u00dfen Sie eines der sch\u00f6nsten Erlebnisse da drau\u00dfen und sp\u00fcren Sie das unbeschreibliche &#8230; <a title=\"Sport und Abenteuer\" class=\"read-more\" href=\"https:\/\/dianasuperhost.com\/de\/sport-und-abenteuer\/\" aria-label=\"Mehr Informationen \u00fcber Sport und Abenteuer\">Weiterlesen<\/a><\/p>\n","protected":false},"author":1,"featured_media":0,"parent":0,"menu_order":0,"comment_status":"closed","ping_status":"closed","template":"elementor_header_footer","meta":{"_joinchat":[],"footnotes":""},"class_list":["post-2174","page","type-page","status-publish"],"yoast_head":"<!-- This site is optimized with the Yoast SEO plugin v27.3 - https:\/\/yoast.com\/product\/yoast-seo-wordpress\/ -->\n<title>Sport und Abenteuer &#8226; Diana Superhost<\/title>\n<meta name=\"robots\" content=\"index, follow, max-snippet:-1, max-image-preview:large, max-video-preview:-1\" \/>\n<link rel=\"canonical\" href=\"https:\/\/dianasuperhost.com\/de\/sport-und-abenteuer\/\" \/>\n<meta name=\"twitter:card\" content=\"summary_large_image\" \/>\n<meta name=\"twitter:title\" content=\"Sport und Abenteuer &#8226; Diana Superhost\" \/>\n<meta name=\"twitter:description\" content=\"Sport und Abenteuer Plant, Ihren Besuch auf unserer sch\u00f6nen Insel zu genie\u00dfen Jeep Teneriffa. Masca Tour An Bord authentischer 4&#215;4 Jeeps erleben Sie ein einzigartiges Erlebnis und entdecken Sie die sch\u00f6nsten Stra\u00dfen und Routen auf der Insel Teneriffa Nord Paragliding. Crown Viewpoint Genie\u00dfen Sie eines der sch\u00f6nsten Erlebnisse da drau\u00dfen und sp\u00fcren Sie das unbeschreibliche ... Weiterlesen\" \/>\n<meta name=\"twitter:image\" content=\"https:\/\/www.dianasuperhost.com\/wp-content\/uploads\/2020\/03\/annaGlide_011.jpg\" \/>\n<meta name=\"twitter:label1\" content=\"Gesch\u00e4tzte Lesezeit\" \/>\n\t<meta name=\"twitter:data1\" content=\"1\u00a0Minute\" \/>\n<script type=\"application\/ld+json\" class=\"yoast-schema-graph\">{\"@context\":\"https:\\\/\\\/schema.org\",\"@graph\":[{\"@type\":\"WebPage\",\"@id\":\"https:\\\/\\\/dianasuperhost.com\\\/de\\\/sport-und-abenteuer\\\/\",\"url\":\"https:\\\/\\\/dianasuperhost.com\\\/de\\\/sport-und-abenteuer\\\/\",\"name\":\"Sport und Abenteuer &#8226; Diana Superhost\",\"isPartOf\":{\"@id\":\"https:\\\/\\\/dianasuperhost.com\\\/de\\\/#website\"},\"primaryImageOfPage\":{\"@id\":\"https:\\\/\\\/dianasuperhost.com\\\/de\\\/sport-und-abenteuer\\\/#primaryimage\"},\"image\":{\"@id\":\"https:\\\/\\\/dianasuperhost.com\\\/de\\\/sport-und-abenteuer\\\/#primaryimage\"},\"thumbnailUrl\":\"https:\\\/\\\/www.dianasuperhost.com\\\/wp-content\\\/uploads\\\/2020\\\/03\\\/annaGlide_011.jpg\",\"datePublished\":\"2020-09-11T17:17:18+00:00\",\"dateModified\":\"2020-09-11T17:17:19+00:00\",\"breadcrumb\":{\"@id\":\"https:\\\/\\\/dianasuperhost.com\\\/de\\\/sport-und-abenteuer\\\/#breadcrumb\"},\"inLanguage\":\"de\",\"potentialAction\":[{\"@type\":\"ReadAction\",\"target\":[\"https:\\\/\\\/dianasuperhost.com\\\/de\\\/sport-und-abenteuer\\\/\"]}]},{\"@type\":\"ImageObject\",\"inLanguage\":\"de\",\"@id\":\"https:\\\/\\\/dianasuperhost.com\\\/de\\\/sport-und-abenteuer\\\/#primaryimage\",\"url\":\"https:\\\/\\\/www.dianasuperhost.com\\\/wp-content\\\/uploads\\\/2020\\\/03\\\/annaGlide_011.jpg\",\"contentUrl\":\"https:\\\/\\\/www.dianasuperhost.com\\\/wp-content\\\/uploads\\\/2020\\\/03\\\/annaGlide_011.jpg\"},{\"@type\":\"BreadcrumbList\",\"@id\":\"https:\\\/\\\/dianasuperhost.com\\\/de\\\/sport-und-abenteuer\\\/#breadcrumb\",\"itemListElement\":[{\"@type\":\"ListItem\",\"position\":1,\"name\":\"Portada\",\"item\":\"https:\\\/\\\/dianasuperhost.com\\\/de\\\/inicio\\\/\"},{\"@type\":\"ListItem\",\"position\":2,\"name\":\"Sport und Abenteuer\"}]},{\"@type\":\"WebSite\",\"@id\":\"https:\\\/\\\/dianasuperhost.com\\\/de\\\/#website\",\"url\":\"https:\\\/\\\/dianasuperhost.com\\\/de\\\/\",\"name\":\"Diana Superhost\",\"description\":\"El mejor hospedaje en Tenerife\",\"potentialAction\":[{\"@type\":\"SearchAction\",\"target\":{\"@type\":\"EntryPoint\",\"urlTemplate\":\"https:\\\/\\\/dianasuperhost.com\\\/de\\\/?s={search_term_string}\"},\"query-input\":{\"@type\":\"PropertyValueSpecification\",\"valueRequired\":true,\"valueName\":\"search_term_string\"}}],\"inLanguage\":\"de\"}]}<\/script>\n<!-- \/ Yoast SEO plugin. -->","yoast_head_json":{"title":"Sport und Abenteuer &#8226; Diana Superhost","robots":{"index":"index","follow":"follow","max-snippet":"max-snippet:-1","max-image-preview":"max-image-preview:large","max-video-preview":"max-video-preview:-1"},"canonical":"https:\/\/dianasuperhost.com\/de\/sport-und-abenteuer\/","twitter_card":"summary_large_image","twitter_title":"Sport und Abenteuer &#8226; Diana Superhost","twitter_description":"Sport und Abenteuer Plant, Ihren Besuch auf unserer sch\u00f6nen Insel zu genie\u00dfen Jeep Teneriffa. Masca Tour An Bord authentischer 4&#215;4 Jeeps erleben Sie ein einzigartiges Erlebnis und entdecken Sie die sch\u00f6nsten Stra\u00dfen und Routen auf der Insel Teneriffa Nord Paragliding. Crown Viewpoint Genie\u00dfen Sie eines der sch\u00f6nsten Erlebnisse da drau\u00dfen und sp\u00fcren Sie das unbeschreibliche ... Weiterlesen","twitter_image":"https:\/\/www.dianasuperhost.com\/wp-content\/uploads\/2020\/03\/annaGlide_011.jpg","twitter_misc":{"Gesch\u00e4tzte Lesezeit":"1\u00a0Minute"},"schema":{"@context":"https:\/\/schema.org","@graph":[{"@type":"WebPage","@id":"https:\/\/dianasuperhost.com\/de\/sport-und-abenteuer\/","url":"https:\/\/dianasuperhost.com\/de\/sport-und-abenteuer\/","name":"Sport und Abenteuer &#8226; Diana Superhost","isPartOf":{"@id":"https:\/\/dianasuperhost.com\/de\/#website"},"primaryImageOfPage":{"@id":"https:\/\/dianasuperhost.com\/de\/sport-und-abenteuer\/#primaryimage"},"image":{"@id":"https:\/\/dianasuperhost.com\/de\/sport-und-abenteuer\/#primaryimage"},"thumbnailUrl":"https:\/\/www.dianasuperhost.com\/wp-content\/uploads\/2020\/03\/annaGlide_011.jpg","datePublished":"2020-09-11T17:17:18+00:00","dateModified":"2020-09-11T17:17:19+00:00","breadcrumb":{"@id":"https:\/\/dianasuperhost.com\/de\/sport-und-abenteuer\/#breadcrumb"},"inLanguage":"de","potentialAction":[{"@type":"ReadAction","target":["https:\/\/dianasuperhost.com\/de\/sport-und-abenteuer\/"]}]},{"@type":"ImageObject","inLanguage":"de","@id":"https:\/\/dianasuperhost.com\/de\/sport-und-abenteuer\/#primaryimage","url":"https:\/\/www.dianasuperhost.com\/wp-content\/uploads\/2020\/03\/annaGlide_011.jpg","contentUrl":"https:\/\/www.dianasuperhost.com\/wp-content\/uploads\/2020\/03\/annaGlide_011.jpg"},{"@type":"BreadcrumbList","@id":"https:\/\/dianasuperhost.com\/de\/sport-und-abenteuer\/#breadcrumb","itemListElement":[{"@type":"ListItem","position":1,"name":"Portada","item":"https:\/\/dianasuperhost.com\/de\/inicio\/"},{"@type":"ListItem","position":2,"name":"Sport und Abenteuer"}]},{"@type":"WebSite","@id":"https:\/\/dianasuperhost.com\/de\/#website","url":"https:\/\/dianasuperhost.com\/de\/","name":"Diana Superhost","description":"El mejor hospedaje en Tenerife","potentialAction":[{"@type":"SearchAction","target":{"@type":"EntryPoint","urlTemplate":"https:\/\/dianasuperhost.com\/de\/?s={search_term_string}"},"query-input":{"@type":"PropertyValueSpecification","valueRequired":true,"valueName":"search_term_string"}}],"inLanguage":"de"}]}},"_links":{"self":[{"href":"https:\/\/dianasuperhost.com\/de\/wp-json\/wp\/v2\/pages\/2174","targetHints":{"allow":["GET"]}}],"collection":[{"href":"https:\/\/dianasuperhost.com\/de\/wp-json\/wp\/v2\/pages"}],"about":[{"href":"https:\/\/dianasuperhost.com\/de\/wp-json\/wp\/v2\/types\/page"}],"author":[{"embeddable":true,"href":"https:\/\/dianasuperhost.com\/de\/wp-json\/wp\/v2\/users\/1"}],"replies":[{"embeddable":true,"href":"https:\/\/dianasuperhost.com\/de\/wp-json\/wp\/v2\/comments?post=2174"}],"version-history":[{"count":5,"href":"https:\/\/dianasuperhost.com\/de\/wp-json\/wp\/v2\/pages\/2174\/revisions"}],"predecessor-version":[{"id":2179,"href":"https:\/\/dianasuperhost.com\/de\/wp-json\/wp\/v2\/pages\/2174\/revisions\/2179"}],"wp:attachment":[{"href":"https:\/\/dianasuperhost.com\/de\/wp-json\/wp\/v2\/media?parent=2174"}],"curies":[{"name":"wp","href":"https:\/\/api.w.org\/{rel}","templated":true}]}}