{"id":2069,"date":"2020-09-11T16:57:11","date_gmt":"2020-09-11T16:57:11","guid":{"rendered":"https:\/\/www.dianasuperhost.com\/covid-19-krisenunternehmenspolitik\/"},"modified":"2020-09-11T16:57:15","modified_gmt":"2020-09-11T16:57:15","slug":"covid-19-krisenunternehmenspolitik","status":"publish","type":"page","link":"https:\/\/dianasuperhost.com\/de\/covid-19-krisenunternehmenspolitik\/","title":{"rendered":"COVID-19 Krisenunternehmenspolitik"},"content":{"rendered":"\t\t<div data-elementor-type=\"wp-page\" data-elementor-id=\"2069\" class=\"elementor elementor-2069 elementor-1696\" data-elementor-post-type=\"page\">\n\t\t\t\t\t\t<section class=\"elementor-section elementor-top-section elementor-element elementor-element-12a41b54 animated-slow elementor-section-content-middle elementor-section-boxed elementor-section-height-default elementor-section-height-default elementor-invisible\" data-id=\"12a41b54\" data-element_type=\"section\" data-e-type=\"section\" data-settings=\"{&quot;background_background&quot;:&quot;classic&quot;,&quot;animation&quot;:&quot;fadeIn&quot;,&quot;animation_delay&quot;:&quot;300&quot;}\">\n\t\t\t\t\t\t\t<div class=\"elementor-background-overlay\"><\/div>\n\t\t\t\t\t\t\t<div class=\"elementor-container elementor-column-gap-default\">\n\t\t\t\t\t<div class=\"elementor-column elementor-col-100 elementor-top-column elementor-element elementor-element-2052aba6\" data-id=\"2052aba6\" data-element_type=\"column\" data-e-type=\"column\">\n\t\t\t<div class=\"elementor-widget-wrap elementor-element-populated\">\n\t\t\t\t\t\t<div class=\"elementor-element elementor-element-7f9fb04 elementor-widget elementor-widget-menu-anchor\" data-id=\"7f9fb04\" data-element_type=\"widget\" data-e-type=\"widget\" data-widget_type=\"menu-anchor.default\">\n\t\t\t\t<div class=\"elementor-widget-container\">\n\t\t\t\t\t\t\t<div class=\"elementor-menu-anchor\" id=\"oben\"><\/div>\n\t\t\t\t\t\t<\/div>\n\t\t\t\t<\/div>\n\t\t\t\t<div class=\"elementor-element elementor-element-2d1c7aca elementor-widget elementor-widget-heading\" data-id=\"2d1c7aca\" data-element_type=\"widget\" data-e-type=\"widget\" data-widget_type=\"heading.default\">\n\t\t\t\t<div class=\"elementor-widget-container\">\n\t\t\t\t\t<h1 class=\"elementor-heading-title elementor-size-default\">Unternehmenspolitik<\/h1>\t\t\t\t<\/div>\n\t\t\t\t<\/div>\n\t\t\t\t<div class=\"elementor-element elementor-element-b747bac elementor-widget elementor-widget-heading\" data-id=\"b747bac\" data-element_type=\"widget\" data-e-type=\"widget\" data-widget_type=\"heading.default\">\n\t\t\t\t<div class=\"elementor-widget-container\">\n\t\t\t\t\t<h2 class=\"elementor-heading-title elementor-size-default\">Krise COVID-19<\/h2>\t\t\t\t<\/div>\n\t\t\t\t<\/div>\n\t\t\t\t<div class=\"elementor-element elementor-element-b3cd513 elementor-hidden-phone elementor-widget elementor-widget-spacer\" data-id=\"b3cd513\" data-element_type=\"widget\" data-e-type=\"widget\" data-widget_type=\"spacer.default\">\n\t\t\t\t<div class=\"elementor-widget-container\">\n\t\t\t\t\t\t\t<div class=\"elementor-spacer\">\n\t\t\t<div class=\"elementor-spacer-inner\"><\/div>\n\t\t<\/div>\n\t\t\t\t\t\t<\/div>\n\t\t\t\t<\/div>\n\t\t\t\t\t<\/div>\n\t\t<\/div>\n\t\t\t\t\t<\/div>\n\t\t<\/section>\n\t\t\t\t<section class=\"elementor-section elementor-top-section elementor-element elementor-element-483e2296 elementor-section-height-min-height elementor-section-items-stretch animated-slow elementor-section-boxed elementor-section-height-default elementor-invisible\" data-id=\"483e2296\" data-element_type=\"section\" data-e-type=\"section\" data-settings=\"{&quot;animation&quot;:&quot;fadeIn&quot;,&quot;animation_delay&quot;:&quot;500&quot;,&quot;background_background&quot;:&quot;classic&quot;}\">\n\t\t\t\t\t\t<div class=\"elementor-container elementor-column-gap-wider\">\n\t\t\t\t\t<div class=\"elementor-column elementor-col-50 elementor-top-column elementor-element elementor-element-5b808af8 elementor-hidden-phone\" data-id=\"5b808af8\" data-element_type=\"column\" data-e-type=\"column\" data-settings=\"{&quot;background_background&quot;:&quot;classic&quot;}\">\n\t\t\t<div class=\"elementor-widget-wrap elementor-element-populated\">\n\t\t\t\t\t<div class=\"elementor-background-overlay\"><\/div>\n\t\t\t\t\t\t<div class=\"elementor-element elementor-element-66eeed39 elementor-widget elementor-widget-spacer\" data-id=\"66eeed39\" data-element_type=\"widget\" data-e-type=\"widget\" data-widget_type=\"spacer.default\">\n\t\t\t\t<div class=\"elementor-widget-container\">\n\t\t\t\t\t\t\t<div class=\"elementor-spacer\">\n\t\t\t<div class=\"elementor-spacer-inner\"><\/div>\n\t\t<\/div>\n\t\t\t\t\t\t<\/div>\n\t\t\t\t<\/div>\n\t\t\t\t<div class=\"elementor-element elementor-element-3d4a599a elementor-widget elementor-widget-heading\" data-id=\"3d4a599a\" data-element_type=\"widget\" data-e-type=\"widget\" data-widget_type=\"heading.default\">\n\t\t\t\t<div class=\"elementor-widget-container\">\n\t\t\t\t\t<h2 class=\"elementor-heading-title elementor-size-default\">Unsere Reinigungspolitik<\/h2>\t\t\t\t<\/div>\n\t\t\t\t<\/div>\n\t\t\t\t\t<\/div>\n\t\t<\/div>\n\t\t\t\t<div class=\"elementor-column elementor-col-50 elementor-top-column elementor-element elementor-element-444276e3\" data-id=\"444276e3\" data-element_type=\"column\" data-e-type=\"column\">\n\t\t\t<div class=\"elementor-widget-wrap elementor-element-populated\">\n\t\t\t\t\t\t<div class=\"elementor-element elementor-element-8832014 elementor-hidden-desktop elementor-hidden-tablet elementor-widget elementor-widget-heading\" data-id=\"8832014\" data-element_type=\"widget\" data-e-type=\"widget\" data-widget_type=\"heading.default\">\n\t\t\t\t<div class=\"elementor-widget-container\">\n\t\t\t\t\t<h2 class=\"elementor-heading-title elementor-size-default\">Unsere Reinigungspolitik<\/h2>\t\t\t\t<\/div>\n\t\t\t\t<\/div>\n\t\t\t\t<div class=\"elementor-element elementor-element-6ff9cf7 elementor-widget elementor-widget-heading\" data-id=\"6ff9cf7\" data-element_type=\"widget\" data-e-type=\"widget\" data-widget_type=\"heading.default\">\n\t\t\t\t<div class=\"elementor-widget-container\">\n\t\t\t\t\t<h2 class=\"elementor-heading-title elementor-size-default\">Wir haben eine strenge und detaillierte Wohnungsreinigungspolitik festgelegt, die von unseren Mitarbeitern durchgef\u00fchrt wird, die Folgendes umfasst:\n\n<\/h2>\t\t\t\t<\/div>\n\t\t\t\t<\/div>\n\t\t\t\t<div class=\"elementor-element elementor-element-6081383 elementor-icon-list--layout-traditional elementor-list-item-link-full_width elementor-invisible elementor-widget elementor-widget-icon-list\" data-id=\"6081383\" data-element_type=\"widget\" data-e-type=\"widget\" data-settings=\"{&quot;_animation&quot;:&quot;fadeInUp&quot;}\" data-widget_type=\"icon-list.default\">\n\t\t\t\t<div class=\"elementor-widget-container\">\n\t\t\t\t\t\t\t<ul class=\"elementor-icon-list-items\">\n\t\t\t\t\t\t\t<li class=\"elementor-icon-list-item\">\n\t\t\t\t\t\t\t\t\t\t\t<span class=\"elementor-icon-list-icon\">\n\t\t\t\t\t\t\t<i aria-hidden=\"true\" class=\"fas fa-check\"><\/i>\t\t\t\t\t\t<\/span>\n\t\t\t\t\t\t\t\t\t\t<span class=\"elementor-icon-list-text\">Umfassende Reinigung durch ein strenges Protokoll, das die Bereiche mit dem gr\u00f6\u00dften Risiko umfasst und die Einhaltung sicherstellt und eine Registrierung generiert.<\/span>\n\t\t\t\t\t\t\t\t\t<\/li>\n\t\t\t\t\t\t\t\t<li class=\"elementor-icon-list-item\">\n\t\t\t\t\t\t\t\t\t\t\t<span class=\"elementor-icon-list-icon\">\n\t\t\t\t\t\t\t<i aria-hidden=\"true\" class=\"fas fa-check\"><\/i>\t\t\t\t\t\t<\/span>\n\t\t\t\t\t\t\t\t\t\t<span class=\"elementor-icon-list-text\">Spezielle Behandlung von Bettw\u00e4sche und Handt\u00fcchern zur Desinfektion<\/span>\n\t\t\t\t\t\t\t\t\t<\/li>\n\t\t\t\t\t\t\t\t<li class=\"elementor-icon-list-item\">\n\t\t\t\t\t\t\t\t\t\t\t<span class=\"elementor-icon-list-icon\">\n\t\t\t\t\t\t\t<i aria-hidden=\"true\" class=\"fas fa-check\"><\/i>\t\t\t\t\t\t<\/span>\n\t\t\t\t\t\t\t\t\t\t<span class=\"elementor-icon-list-text\">Bel\u00fcftung der Bereiche des Hauses.<\/span>\n\t\t\t\t\t\t\t\t\t<\/li>\n\t\t\t\t\t\t\t\t<li class=\"elementor-icon-list-item\">\n\t\t\t\t\t\t\t\t\t\t\t<span class=\"elementor-icon-list-icon\">\n\t\t\t\t\t\t\t<i aria-hidden=\"true\" class=\"fas fa-check\"><\/i>\t\t\t\t\t\t<\/span>\n\t\t\t\t\t\t\t\t\t\t<span class=\"elementor-icon-list-text\">Desinfektion mit viruziden Produkten f\u00fcr den h\u00e4uslichen Gebrauch, die vom Gesundheitsministerium zur Vorbeugung von COVID-19 zugelassen sind<\/span>\n\t\t\t\t\t\t\t\t\t<\/li>\n\t\t\t\t\t\t\t\t<li class=\"elementor-icon-list-item\">\n\t\t\t\t\t\t\t\t\t\t\t<span class=\"elementor-icon-list-icon\">\n\t\t\t\t\t\t\t<i aria-hidden=\"true\" class=\"fas fa-check\"><\/i>\t\t\t\t\t\t<\/span>\n\t\t\t\t\t\t\t\t\t\t<span class=\"elementor-icon-list-text\">Die Verwendung pers\u00f6nlicher Schutzausr\u00fcstung (PSA) ist f\u00fcr unser Reinigungspersonal obligatorisch, um ein H\u00f6chstma\u00df an Sicherheit f\u00fcr unsere G\u00e4ste und Mitarbeiter zu gew\u00e4hrleisten.<\/span>\n\t\t\t\t\t\t\t\t\t<\/li>\n\t\t\t\t\t\t<\/ul>\n\t\t\t\t\t\t<\/div>\n\t\t\t\t<\/div>\n\t\t\t\t\t<\/div>\n\t\t<\/div>\n\t\t\t\t\t<\/div>\n\t\t<\/section>\n\t\t\t\t<section class=\"elementor-section elementor-top-section elementor-element elementor-element-797f9f42 elementor-section-boxed elementor-section-height-default elementor-section-height-default\" data-id=\"797f9f42\" data-element_type=\"section\" data-e-type=\"section\" data-settings=\"{&quot;background_background&quot;:&quot;classic&quot;}\">\n\t\t\t\t\t\t<div class=\"elementor-container elementor-column-gap-default\">\n\t\t\t\t\t<div class=\"elementor-column elementor-col-100 elementor-top-column elementor-element elementor-element-70a12a6\" data-id=\"70a12a6\" data-element_type=\"column\" data-e-type=\"column\">\n\t\t\t<div class=\"elementor-widget-wrap elementor-element-populated\">\n\t\t\t\t\t\t<div class=\"elementor-element elementor-element-d42927f elementor-fixed elementor-view-default elementor-widget elementor-widget-icon\" data-id=\"d42927f\" data-element_type=\"widget\" data-e-type=\"widget\" data-settings=\"{&quot;sticky&quot;:&quot;bottom&quot;,&quot;_position&quot;:&quot;fixed&quot;,&quot;sticky_on&quot;:[&quot;desktop&quot;,&quot;tablet&quot;,&quot;mobile&quot;],&quot;sticky_offset&quot;:0,&quot;sticky_effects_offset&quot;:0,&quot;sticky_anchor_link_offset&quot;:0}\" data-widget_type=\"icon.default\">\n\t\t\t\t<div class=\"elementor-widget-container\">\n\t\t\t\t\t\t\t<div class=\"elementor-icon-wrapper\">\n\t\t\t<a class=\"elementor-icon elementor-animation-pulse\" href=\"#up\">\n\t\t\t<i aria-hidden=\"true\" class=\"fas fa-arrow-alt-circle-up\"><\/i>\t\t\t<\/a>\n\t\t<\/div>\n\t\t\t\t\t\t<\/div>\n\t\t\t\t<\/div>\n\t\t\t\t\t<\/div>\n\t\t<\/div>\n\t\t\t\t\t<\/div>\n\t\t<\/section>\n\t\t\t\t<\/div>\n\t\t","protected":false},"excerpt":{"rendered":"<p>Unternehmenspolitik Krise COVID-19 Unsere Reinigungspolitik Unsere Reinigungspolitik Wir haben eine strenge und detaillierte Wohnungsreinigungspolitik festgelegt, die von unseren Mitarbeitern durchgef\u00fchrt wird, die Folgendes umfasst: Umfassende Reinigung durch ein strenges Protokoll, das die Bereiche mit dem gr\u00f6\u00dften Risiko umfasst und die Einhaltung sicherstellt und eine Registrierung generiert. Spezielle Behandlung von Bettw\u00e4sche und Handt\u00fcchern zur Desinfektion Bel\u00fcftung &#8230; <a title=\"COVID-19 Krisenunternehmenspolitik\" class=\"read-more\" href=\"https:\/\/dianasuperhost.com\/de\/covid-19-krisenunternehmenspolitik\/\" aria-label=\"Mehr Informationen \u00fcber COVID-19 Krisenunternehmenspolitik\">Weiterlesen<\/a><\/p>\n","protected":false},"author":1,"featured_media":0,"parent":0,"menu_order":0,"comment_status":"closed","ping_status":"closed","template":"elementor_header_footer","meta":{"_joinchat":[],"footnotes":""},"class_list":["post-2069","page","type-page","status-publish"],"yoast_head":"<!-- This site is optimized with the Yoast SEO plugin v27.5 - https:\/\/yoast.com\/product\/yoast-seo-wordpress\/ -->\n<title>COVID-19 Krisenunternehmenspolitik &#8226; Diana Superhost<\/title>\n<meta name=\"robots\" content=\"index, follow, max-snippet:-1, max-image-preview:large, max-video-preview:-1\" \/>\n<link rel=\"canonical\" href=\"https:\/\/dianasuperhost.com\/de\/covid-19-krisenunternehmenspolitik\/\" \/>\n<meta name=\"twitter:card\" content=\"summary_large_image\" \/>\n<meta name=\"twitter:title\" content=\"COVID-19 Krisenunternehmenspolitik &#8226; Diana Superhost\" \/>\n<meta name=\"twitter:description\" content=\"Unternehmenspolitik Krise COVID-19 Unsere Reinigungspolitik Unsere Reinigungspolitik Wir haben eine strenge und detaillierte Wohnungsreinigungspolitik festgelegt, die von unseren Mitarbeitern durchgef\u00fchrt wird, die Folgendes umfasst: Umfassende Reinigung durch ein strenges Protokoll, das die Bereiche mit dem gr\u00f6\u00dften Risiko umfasst und die Einhaltung sicherstellt und eine Registrierung generiert. Spezielle Behandlung von Bettw\u00e4sche und Handt\u00fcchern zur Desinfektion Bel\u00fcftung ... Weiterlesen\" \/>\n<meta name=\"twitter:label1\" content=\"Gesch\u00e4tzte Lesezeit\" \/>\n\t<meta name=\"twitter:data1\" content=\"1\u00a0Minute\" \/>\n<script type=\"application\/ld+json\" class=\"yoast-schema-graph\">{\"@context\":\"https:\\\/\\\/schema.org\",\"@graph\":[{\"@type\":\"WebPage\",\"@id\":\"https:\\\/\\\/dianasuperhost.com\\\/de\\\/covid-19-krisenunternehmenspolitik\\\/\",\"url\":\"https:\\\/\\\/dianasuperhost.com\\\/de\\\/covid-19-krisenunternehmenspolitik\\\/\",\"name\":\"COVID-19 Krisenunternehmenspolitik &#8226; Diana Superhost\",\"isPartOf\":{\"@id\":\"https:\\\/\\\/dianasuperhost.com\\\/de\\\/#website\"},\"datePublished\":\"2020-09-11T16:57:11+00:00\",\"dateModified\":\"2020-09-11T16:57:15+00:00\",\"breadcrumb\":{\"@id\":\"https:\\\/\\\/dianasuperhost.com\\\/de\\\/covid-19-krisenunternehmenspolitik\\\/#breadcrumb\"},\"inLanguage\":\"de\",\"potentialAction\":[{\"@type\":\"ReadAction\",\"target\":[\"https:\\\/\\\/dianasuperhost.com\\\/de\\\/covid-19-krisenunternehmenspolitik\\\/\"]}]},{\"@type\":\"BreadcrumbList\",\"@id\":\"https:\\\/\\\/dianasuperhost.com\\\/de\\\/covid-19-krisenunternehmenspolitik\\\/#breadcrumb\",\"itemListElement\":[{\"@type\":\"ListItem\",\"position\":1,\"name\":\"Portada\",\"item\":\"https:\\\/\\\/dianasuperhost.com\\\/de\\\/inicio\\\/\"},{\"@type\":\"ListItem\",\"position\":2,\"name\":\"COVID-19 Krisenunternehmenspolitik\"}]},{\"@type\":\"WebSite\",\"@id\":\"https:\\\/\\\/dianasuperhost.com\\\/de\\\/#website\",\"url\":\"https:\\\/\\\/dianasuperhost.com\\\/de\\\/\",\"name\":\"Diana Superhost\",\"description\":\"El mejor hospedaje en Tenerife\",\"potentialAction\":[{\"@type\":\"SearchAction\",\"target\":{\"@type\":\"EntryPoint\",\"urlTemplate\":\"https:\\\/\\\/dianasuperhost.com\\\/de\\\/?s={search_term_string}\"},\"query-input\":{\"@type\":\"PropertyValueSpecification\",\"valueRequired\":true,\"valueName\":\"search_term_string\"}}],\"inLanguage\":\"de\"}]}<\/script>\n<!-- \/ Yoast SEO plugin. -->","yoast_head_json":{"title":"COVID-19 Krisenunternehmenspolitik &#8226; Diana Superhost","robots":{"index":"index","follow":"follow","max-snippet":"max-snippet:-1","max-image-preview":"max-image-preview:large","max-video-preview":"max-video-preview:-1"},"canonical":"https:\/\/dianasuperhost.com\/de\/covid-19-krisenunternehmenspolitik\/","twitter_card":"summary_large_image","twitter_title":"COVID-19 Krisenunternehmenspolitik &#8226; Diana Superhost","twitter_description":"Unternehmenspolitik Krise COVID-19 Unsere Reinigungspolitik Unsere Reinigungspolitik Wir haben eine strenge und detaillierte Wohnungsreinigungspolitik festgelegt, die von unseren Mitarbeitern durchgef\u00fchrt wird, die Folgendes umfasst: Umfassende Reinigung durch ein strenges Protokoll, das die Bereiche mit dem gr\u00f6\u00dften Risiko umfasst und die Einhaltung sicherstellt und eine Registrierung generiert. Spezielle Behandlung von Bettw\u00e4sche und Handt\u00fcchern zur Desinfektion Bel\u00fcftung ... Weiterlesen","twitter_misc":{"Gesch\u00e4tzte Lesezeit":"1\u00a0Minute"},"schema":{"@context":"https:\/\/schema.org","@graph":[{"@type":"WebPage","@id":"https:\/\/dianasuperhost.com\/de\/covid-19-krisenunternehmenspolitik\/","url":"https:\/\/dianasuperhost.com\/de\/covid-19-krisenunternehmenspolitik\/","name":"COVID-19 Krisenunternehmenspolitik &#8226; Diana Superhost","isPartOf":{"@id":"https:\/\/dianasuperhost.com\/de\/#website"},"datePublished":"2020-09-11T16:57:11+00:00","dateModified":"2020-09-11T16:57:15+00:00","breadcrumb":{"@id":"https:\/\/dianasuperhost.com\/de\/covid-19-krisenunternehmenspolitik\/#breadcrumb"},"inLanguage":"de","potentialAction":[{"@type":"ReadAction","target":["https:\/\/dianasuperhost.com\/de\/covid-19-krisenunternehmenspolitik\/"]}]},{"@type":"BreadcrumbList","@id":"https:\/\/dianasuperhost.com\/de\/covid-19-krisenunternehmenspolitik\/#breadcrumb","itemListElement":[{"@type":"ListItem","position":1,"name":"Portada","item":"https:\/\/dianasuperhost.com\/de\/inicio\/"},{"@type":"ListItem","position":2,"name":"COVID-19 Krisenunternehmenspolitik"}]},{"@type":"WebSite","@id":"https:\/\/dianasuperhost.com\/de\/#website","url":"https:\/\/dianasuperhost.com\/de\/","name":"Diana Superhost","description":"El mejor hospedaje en Tenerife","potentialAction":[{"@type":"SearchAction","target":{"@type":"EntryPoint","urlTemplate":"https:\/\/dianasuperhost.com\/de\/?s={search_term_string}"},"query-input":{"@type":"PropertyValueSpecification","valueRequired":true,"valueName":"search_term_string"}}],"inLanguage":"de"}]}},"_links":{"self":[{"href":"https:\/\/dianasuperhost.com\/de\/wp-json\/wp\/v2\/pages\/2069","targetHints":{"allow":["GET"]}}],"collection":[{"href":"https:\/\/dianasuperhost.com\/de\/wp-json\/wp\/v2\/pages"}],"about":[{"href":"https:\/\/dianasuperhost.com\/de\/wp-json\/wp\/v2\/types\/page"}],"author":[{"embeddable":true,"href":"https:\/\/dianasuperhost.com\/de\/wp-json\/wp\/v2\/users\/1"}],"replies":[{"embeddable":true,"href":"https:\/\/dianasuperhost.com\/de\/wp-json\/wp\/v2\/comments?post=2069"}],"version-history":[{"count":5,"href":"https:\/\/dianasuperhost.com\/de\/wp-json\/wp\/v2\/pages\/2069\/revisions"}],"predecessor-version":[{"id":2074,"href":"https:\/\/dianasuperhost.com\/de\/wp-json\/wp\/v2\/pages\/2069\/revisions\/2074"}],"wp:attachment":[{"href":"https:\/\/dianasuperhost.com\/de\/wp-json\/wp\/v2\/media?parent=2069"}],"curies":[{"name":"wp","href":"https:\/\/api.w.org\/{rel}","templated":true}]}}