{"id":2054,"date":"2020-09-11T16:56:10","date_gmt":"2020-09-11T16:56:10","guid":{"rendered":"https:\/\/www.dianasuperhost.com\/cookie-richtlinie\/"},"modified":"2020-09-11T16:56:13","modified_gmt":"2020-09-11T16:56:13","slug":"cookie-richtlinie","status":"publish","type":"page","link":"https:\/\/dianasuperhost.com\/de\/cookie-richtlinie\/","title":{"rendered":"Cookie-Richtlinie"},"content":{"rendered":"\t\t<div data-elementor-type=\"wp-page\" data-elementor-id=\"2054\" class=\"elementor elementor-2054 elementor-1761\" data-elementor-post-type=\"page\">\n\t\t\t\t\t\t<section class=\"elementor-section elementor-top-section elementor-element elementor-element-21d533be elementor-section-full_width elementor-section-height-min-height elementor-section-height-default elementor-section-items-middle\" data-id=\"21d533be\" data-element_type=\"section\" data-e-type=\"section\" data-settings=\"{&quot;background_background&quot;:&quot;classic&quot;}\">\n\t\t\t\t\t\t\t<div class=\"elementor-background-overlay\"><\/div>\n\t\t\t\t\t\t\t<div class=\"elementor-container elementor-column-gap-default\">\n\t\t\t\t\t<div class=\"elementor-column elementor-col-100 elementor-top-column elementor-element elementor-element-25ee4d81\" data-id=\"25ee4d81\" data-element_type=\"column\" data-e-type=\"column\">\n\t\t\t<div class=\"elementor-widget-wrap elementor-element-populated\">\n\t\t\t\t\t\t<div class=\"elementor-element elementor-element-2a990595 elementor-invisible elementor-widget elementor-widget-heading\" data-id=\"2a990595\" data-element_type=\"widget\" data-e-type=\"widget\" data-settings=\"{&quot;_animation&quot;:&quot;fadeInRight&quot;}\" data-widget_type=\"heading.default\">\n\t\t\t\t<div class=\"elementor-widget-container\">\n\t\t\t\t\t<h1 class=\"elementor-heading-title elementor-size-default\">Cookie-Richtlinie<\/h1>\t\t\t\t<\/div>\n\t\t\t\t<\/div>\n\t\t\t\t\t<\/div>\n\t\t<\/div>\n\t\t\t\t\t<\/div>\n\t\t<\/section>\n\t\t\t\t<section class=\"elementor-section elementor-inner-section elementor-element elementor-element-feb3347 elementor-section-boxed elementor-section-height-default elementor-section-height-default\" data-id=\"feb3347\" data-element_type=\"section\" data-e-type=\"section\">\n\t\t\t\t\t\t<div class=\"elementor-container elementor-column-gap-default\">\n\t\t\t\t\t<div class=\"elementor-column elementor-col-100 elementor-inner-column elementor-element elementor-element-f6ca0bd elementor-invisible\" data-id=\"f6ca0bd\" data-element_type=\"column\" data-e-type=\"column\" data-settings=\"{&quot;background_background&quot;:&quot;classic&quot;,&quot;animation&quot;:&quot;fadeInRight&quot;}\">\n\t\t\t<div class=\"elementor-widget-wrap elementor-element-populated\">\n\t\t\t\t\t\t<div class=\"elementor-element elementor-element-cbfe827 elementor-widget elementor-widget-text-editor\" data-id=\"cbfe827\" data-element_type=\"widget\" data-e-type=\"widget\" data-widget_type=\"text-editor.default\">\n\t\t\t\t<div class=\"elementor-widget-container\">\n\t\t\t\t\t\t\t\t\t<p>DIANA GAZZANEO ARIAS <b>DIANA SUPERHOST<\/b>, enth\u00e4lt hiermit seine Cookie Collection and Processing Policy, in \u00dcbereinstimmung mit Artikel 22.2 des Gesetzes 34\/2002, vom 11. Juli, Dienstleistungen der Informationsgesellschaft und des Handels<br \/>Elektronik (LSSICE).<\/p>\n\t\t\t\t\t\t\t\t<\/div>\n\t\t\t\t<\/div>\n\t\t\t\t<div class=\"elementor-element elementor-element-1e564f5 elementor-widget elementor-widget-text-editor\" data-id=\"1e564f5\" data-element_type=\"widget\" data-e-type=\"widget\" data-widget_type=\"text-editor.default\">\n\t\t\t\t<div class=\"elementor-widget-container\">\n\t\t\t\t\t\t\t\t\t<p>Cookies werden auf dem Endger\u00e4t des Benutzers (Computer oder Mobilger\u00e4t) gespeichert und sammeln Informationen beim Besuch der Website  <a href=\"https:\/\/www.dianasuperhost.com\/de\/\">https:\/\/www.dianasuperhost.com\/,<\/a> um die Benutzerfreundlichkeit zu verbessern, kennen die Gewohnheiten oder Browser-Bed\u00fcrfnisse der Benutzer, um sich an sie anpassen zu k\u00f6nnen, sowie Informationen f\u00fcr statistische Zwecke zu erhalten. Im Falle der Nutzer, die bereits Kunden der Entit\u00e4t sind, dienen die mit Cookies gesammelten Informationen auch dazu, sie beim Zugriff auf die verschiedenen Tools zu identifizieren, die das Unternehmen f\u00fcr die Verwaltung der Dienste zur Verf\u00fcgung stellt.<\/p>\n\t\t\t\t\t\t\t\t<\/div>\n\t\t\t\t<\/div>\n\t\t\t\t<div class=\"elementor-element elementor-element-1190941 elementor-widget elementor-widget-text-editor\" data-id=\"1190941\" data-element_type=\"widget\" data-e-type=\"widget\" data-widget_type=\"text-editor.default\">\n\t\t\t\t<div class=\"elementor-widget-container\">\n\t\t\t\t\t\t\t\t\t<p>Diese Cookie-Richtlinie gilt f\u00fcr Diejenigen, die&nbsp;die Websites des Unternehmens zu besuchen, Formulare zur Datenerhebung auszuf\u00fcllen,&nbsp;die Tools, die das Unternehmen seinen Kunden zur Verf\u00fcgung stellt, um seine Dienste zu verwalten, oder andere auf der Website vorhandene Dienste zu nutzen, die die \u00dcbermittlung von Daten an die&nbsp;oder Zugang des Unternehmens zu Daten f\u00fcr die Erbringung seiner Dienste.<\/p>\n\t\t\t\t\t\t\t\t<\/div>\n\t\t\t\t<\/div>\n\t\t\t\t<div class=\"elementor-element elementor-element-80ae195 elementor-widget elementor-widget-text-editor\" data-id=\"80ae195\" data-element_type=\"widget\" data-e-type=\"widget\" data-widget_type=\"text-editor.default\">\n\t\t\t\t<div class=\"elementor-widget-container\">\n\t\t\t\t\t\t\t\t\t<p>Das Unternehmen informiert die Nutzer \u00fcber seine Websites, das Vorhandensein von Cookies und stellt diese Richtlinie zur &nbsp; Verf\u00fcgung, um sie \u00fcber die Nutzung und den Zweck dieser Zus. zu &nbsp; informieren. Die Tatsache, dass die Seiten weiterhin durchsucht werden, impliziert das Wissen und die &nbsp; Akzeptanz dieser Richtlinie durch diese Benutzer.<\/p>\n\t\t\t\t\t\t\t\t<\/div>\n\t\t\t\t<\/div>\n\t\t\t\t<div class=\"elementor-element elementor-element-01caa14 elementor-widget elementor-widget-heading\" data-id=\"01caa14\" data-element_type=\"widget\" data-e-type=\"widget\" data-widget_type=\"heading.default\">\n\t\t\t\t<div class=\"elementor-widget-container\">\n\t\t\t\t\t<h6 class=\"elementor-heading-title elementor-size-default\">DIANA GAZZANEO ARIAS DIANA SUPERHOST verwendet die folgenden Arten von Cookies:<\/h6>\t\t\t\t<\/div>\n\t\t\t\t<\/div>\n\t\t\t\t<div class=\"elementor-element elementor-element-4d7f690 elementor-widget elementor-widget-toggle\" data-id=\"4d7f690\" data-element_type=\"widget\" data-e-type=\"widget\" data-widget_type=\"toggle.default\">\n\t\t\t\t<div class=\"elementor-widget-container\">\n\t\t\t\t\t\t\t<div class=\"elementor-toggle\">\n\t\t\t\t\t\t\t<div class=\"elementor-toggle-item\">\n\t\t\t\t\t<div id=\"elementor-tab-title-8121\" class=\"elementor-tab-title\" data-tab=\"1\" role=\"button\" aria-controls=\"elementor-tab-content-8121\" aria-expanded=\"false\">\n\t\t\t\t\t\t\t\t\t\t\t\t<span class=\"elementor-toggle-icon elementor-toggle-icon-left\" aria-hidden=\"true\">\n\t\t\t\t\t\t\t\t\t\t\t\t\t\t\t<span class=\"elementor-toggle-icon-closed\"><i class=\"fas fa-caret-right\"><\/i><\/span>\n\t\t\t\t\t\t\t\t<span class=\"elementor-toggle-icon-opened\"><i class=\"elementor-toggle-icon-opened fas fa-caret-up\"><\/i><\/span>\n\t\t\t\t\t\t\t\t\t\t\t\t\t<\/span>\n\t\t\t\t\t\t\t\t\t\t\t\t<a class=\"elementor-toggle-title\" tabindex=\"0\">Klassifiziert nach ihrem Eigentum:<\/a>\n\t\t\t\t\t<\/div>\n\n\t\t\t\t\t<div id=\"elementor-tab-content-8121\" class=\"elementor-tab-content elementor-clearfix\" data-tab=\"1\" role=\"region\" aria-labelledby=\"elementor-tab-title-8121\"><ul>\n<li><strong>Eigene Cookies:<\/strong> direkt von der Entit\u00e4t gesendet und verwaltet.<\/li>\n<li><strong>Cookies von Drittanbietern:<\/strong> von dritten Dritten au\u00dferhalb des Unternehmens in einer Weise<br \/>anonym, um statistische Studien \u00fcber das Surfen auf den Webseiten der<br \/>die Entit\u00e4t.<\/li>\n<\/ul>\n<\/div>\n\t\t\t\t<\/div>\n\t\t\t\t\t\t\t<div class=\"elementor-toggle-item\">\n\t\t\t\t\t<div id=\"elementor-tab-title-8122\" class=\"elementor-tab-title\" data-tab=\"2\" role=\"button\" aria-controls=\"elementor-tab-content-8122\" aria-expanded=\"false\">\n\t\t\t\t\t\t\t\t\t\t\t\t<span class=\"elementor-toggle-icon elementor-toggle-icon-left\" aria-hidden=\"true\">\n\t\t\t\t\t\t\t\t\t\t\t\t\t\t\t<span class=\"elementor-toggle-icon-closed\"><i class=\"fas fa-caret-right\"><\/i><\/span>\n\t\t\t\t\t\t\t\t<span class=\"elementor-toggle-icon-opened\"><i class=\"elementor-toggle-icon-opened fas fa-caret-up\"><\/i><\/span>\n\t\t\t\t\t\t\t\t\t\t\t\t\t<\/span>\n\t\t\t\t\t\t\t\t\t\t\t\t<a class=\"elementor-toggle-title\" tabindex=\"0\">Klassifiziert nach ihrem Zweck:<\/a>\n\t\t\t\t\t<\/div>\n\n\t\t\t\t\t<div id=\"elementor-tab-content-8122\" class=\"elementor-tab-content elementor-clearfix\" data-tab=\"2\" role=\"region\" aria-labelledby=\"elementor-tab-title-8122\"><ul>\n<li><b>Technische und\/oder Personalisierungscookies:<\/b> Erleichtern Sie die Navigation, indem Sie die Sitzung identifizieren, den Zugriff auf Tools mit eingeschr\u00e4nktem Zugriff erm\u00f6glichen und die verf\u00fcgbaren Optionen zum Messen konfigurieren. Sie erm\u00f6glichen die Bereitstellung des zuvor vom Benutzer angeforderten Dienstes.<\/li>\n<li><b>Analyse und \/ oder Werbung Cookies: erlauben,<\/b> die Anzahl der Besuche in den verschiedenen Abschnitten der Webseiten erhalten, die Gewohnheiten und Trends seiner Nutzer zu wissen und folglich, um die Navigation und Service von der Entit\u00e4t angeboten zu verbessern (<i>Google Analytics) sowie<\/i>die Verwaltung der Werbefl\u00e4chen, die auf der vom Nutzer besuchten Website enthalten sind. Es sammelt Daten anonym, um Browser-Profile von Benutzern zu erhalten.<\/li>\n<\/ul>\n<\/div>\n\t\t\t\t<\/div>\n\t\t\t\t\t\t\t<div class=\"elementor-toggle-item\">\n\t\t\t\t\t<div id=\"elementor-tab-title-8123\" class=\"elementor-tab-title\" data-tab=\"3\" role=\"button\" aria-controls=\"elementor-tab-content-8123\" aria-expanded=\"false\">\n\t\t\t\t\t\t\t\t\t\t\t\t<span class=\"elementor-toggle-icon elementor-toggle-icon-left\" aria-hidden=\"true\">\n\t\t\t\t\t\t\t\t\t\t\t\t\t\t\t<span class=\"elementor-toggle-icon-closed\"><i class=\"fas fa-caret-right\"><\/i><\/span>\n\t\t\t\t\t\t\t\t<span class=\"elementor-toggle-icon-opened\"><i class=\"elementor-toggle-icon-opened fas fa-caret-up\"><\/i><\/span>\n\t\t\t\t\t\t\t\t\t\t\t\t\t<\/span>\n\t\t\t\t\t\t\t\t\t\t\t\t<a class=\"elementor-toggle-title\" tabindex=\"0\">Nach Dauer klassifiziert:<\/a>\n\t\t\t\t\t<\/div>\n\n\t\t\t\t\t<div id=\"elementor-tab-content-8123\" class=\"elementor-tab-content elementor-clearfix\" data-tab=\"3\" role=\"region\" aria-labelledby=\"elementor-tab-title-8123\"><ul>\n<li><b>Sitzungscookies:<\/b> Sammeln und speichern Sie die Daten, w\u00e4hrend der Benutzer auf die Website zugreift.<\/li>\n<li><b>Persistente Cookies:<\/b> Sammeln und speichern Sie die Daten im Terminal des Benutzers f\u00fcr einen variablen Zeitraum, je nachdem, f\u00fcr welchen Zweck sie verwendet wurden.\n<p>Der Zeitpunkt der Aufbewahrung von Cookies h\u00e4ngt von der Art ab und ist immer<br \/>unverzichtbares Minimum, um seinen Zweck zu erf\u00fcllen.<\/p>\n<\/li>\n<\/ul>\n<\/div>\n\t\t\t\t<\/div>\n\t\t\t\t\t\t\t\t<\/div>\n\t\t\t\t\t\t<\/div>\n\t\t\t\t<\/div>\n\t\t\t\t<div class=\"elementor-element elementor-element-ee199a6 elementor-widget elementor-widget-text-editor\" data-id=\"ee199a6\" data-element_type=\"widget\" data-e-type=\"widget\" data-widget_type=\"text-editor.default\">\n\t\t\t\t<div class=\"elementor-widget-container\">\n\t\t\t\t\t\t\t\t\t<p>In jedem Fall k\u00f6nnen Benutzer ihren Browser so konfigurieren, dass er den Empfang aller oder einiger Cookies deaktiviert oder &nbsp; blockiert. Die Tatsache, dass Sie diese Cookies nicht erhalten m\u00f6chten, stellt kein Hindernis f\u00fcr den Zugriff auf die Informationen auf den Websites des Unternehmens dar, &nbsp; obwohl die Nutzung einiger Dienste eingeschr\u00e4nkt sein &nbsp; kann. Wenn einmal die&nbsp;Zustimmung zum Erhalt von Cookies, sie m\u00f6chten sie zur\u00fcckziehen, m\u00fcssen Sie diese Cookies l\u00f6schen&nbsp;auf dem Computer des Benutzers \u00fcber die Optionen der verschiedenen Browser gespeichert.&nbsp;So konfigurieren Sie die verschiedenen Browser so, dass die in der&nbsp;Abs\u00e4tze oben, finden Sie unter:<\/p>\n<p>* Explorer: <a href=\"http:\/\/windows.microsoft.com\/es-es\/windows7\/how-to-manage-cookies-in-internet-explorer-9\">http:\/\/windows.microsoft.com\/es-es\/windows7\/how-to-manage-cookies-in-internet-explorer-9<\/a><br \/>* Chrom: <a href=\"https:\/\/support.google.com\/chrome\/answer\/95647?hl=es\">https:\/\/support.google.com\/chrome\/answer\/95647?hl=es<\/a><br \/>* Firefox: <a href=\"http:\/\/support.mozilla.org\/es\/kb\/cookies-informacion-que-los-sitios-web-guardan-en-?redirectlocale=en-US&amp;redirectslug=Cookies\">http:\/\/support.mozilla.org\/es\/kb\/cookies-informacion-que-los-sitios-web-guardan-en-?redirectlocale=en-US&amp;redirectslug=Cookies<\/a><\/p>\n\t\t\t\t\t\t\t\t<\/div>\n\t\t\t\t<\/div>\n\t\t\t\t\t<\/div>\n\t\t<\/div>\n\t\t\t\t\t<\/div>\n\t\t<\/section>\n\t\t\t\t<section class=\"elementor-section elementor-top-section elementor-element elementor-element-7553600 elementor-section-boxed elementor-section-height-default elementor-section-height-default\" data-id=\"7553600\" data-element_type=\"section\" data-e-type=\"section\">\n\t\t\t\t\t\t<div class=\"elementor-container elementor-column-gap-default\">\n\t\t\t\t\t<div class=\"elementor-column elementor-col-100 elementor-top-column elementor-element elementor-element-bc6ef8f\" data-id=\"bc6ef8f\" data-element_type=\"column\" data-e-type=\"column\">\n\t\t\t<div class=\"elementor-widget-wrap elementor-element-populated\">\n\t\t\t\t\t\t<div class=\"elementor-element elementor-element-a54623b elementor-widget elementor-widget-spacer\" data-id=\"a54623b\" data-element_type=\"widget\" data-e-type=\"widget\" data-widget_type=\"spacer.default\">\n\t\t\t\t<div class=\"elementor-widget-container\">\n\t\t\t\t\t\t\t<div class=\"elementor-spacer\">\n\t\t\t<div class=\"elementor-spacer-inner\"><\/div>\n\t\t<\/div>\n\t\t\t\t\t\t<\/div>\n\t\t\t\t<\/div>\n\t\t\t\t\t<\/div>\n\t\t<\/div>\n\t\t\t\t\t<\/div>\n\t\t<\/section>\n\t\t\t\t<\/div>\n\t\t","protected":false},"excerpt":{"rendered":"<p>Cookie-Richtlinie DIANA GAZZANEO ARIAS DIANA SUPERHOST, enth\u00e4lt hiermit seine Cookie Collection and Processing Policy, in \u00dcbereinstimmung mit Artikel 22.2 des Gesetzes 34\/2002, vom 11. Juli, Dienstleistungen der Informationsgesellschaft und des HandelsElektronik (LSSICE). Cookies werden auf dem Endger\u00e4t des Benutzers (Computer oder Mobilger\u00e4t) gespeichert und sammeln Informationen beim Besuch der Website https:\/\/www.dianasuperhost.com\/, um die Benutzerfreundlichkeit zu &#8230; <a title=\"Cookie-Richtlinie\" class=\"read-more\" href=\"https:\/\/dianasuperhost.com\/de\/cookie-richtlinie\/\" aria-label=\"Mehr Informationen \u00fcber Cookie-Richtlinie\">Weiterlesen<\/a><\/p>\n","protected":false},"author":1,"featured_media":0,"parent":0,"menu_order":0,"comment_status":"closed","ping_status":"closed","template":"elementor_header_footer","meta":{"_joinchat":[],"footnotes":""},"class_list":["post-2054","page","type-page","status-publish"],"yoast_head":"<!-- This site is optimized with the Yoast SEO plugin v27.3 - https:\/\/yoast.com\/product\/yoast-seo-wordpress\/ -->\n<title>Cookie-Richtlinie &#8226; Diana Superhost<\/title>\n<meta name=\"robots\" content=\"index, follow, max-snippet:-1, max-image-preview:large, max-video-preview:-1\" \/>\n<link rel=\"canonical\" href=\"https:\/\/dianasuperhost.com\/de\/cookie-richtlinie\/\" \/>\n<meta name=\"twitter:card\" content=\"summary_large_image\" \/>\n<meta name=\"twitter:title\" content=\"Cookie-Richtlinie &#8226; Diana Superhost\" \/>\n<meta name=\"twitter:description\" content=\"Cookie-Richtlinie DIANA GAZZANEO ARIAS DIANA SUPERHOST, enth\u00e4lt hiermit seine Cookie Collection and Processing Policy, in \u00dcbereinstimmung mit Artikel 22.2 des Gesetzes 34\/2002, vom 11. Juli, Dienstleistungen der Informationsgesellschaft und des HandelsElektronik (LSSICE). Cookies werden auf dem Endger\u00e4t des Benutzers (Computer oder Mobilger\u00e4t) gespeichert und sammeln Informationen beim Besuch der Website https:\/\/www.dianasuperhost.com\/, um die Benutzerfreundlichkeit zu ... Weiterlesen\" \/>\n<meta name=\"twitter:label1\" content=\"Gesch\u00e4tzte Lesezeit\" \/>\n\t<meta name=\"twitter:data1\" content=\"3\u00a0Minuten\" \/>\n<script type=\"application\/ld+json\" class=\"yoast-schema-graph\">{\"@context\":\"https:\\\/\\\/schema.org\",\"@graph\":[{\"@type\":\"WebPage\",\"@id\":\"https:\\\/\\\/dianasuperhost.com\\\/de\\\/cookie-richtlinie\\\/\",\"url\":\"https:\\\/\\\/dianasuperhost.com\\\/de\\\/cookie-richtlinie\\\/\",\"name\":\"Cookie-Richtlinie &#8226; Diana Superhost\",\"isPartOf\":{\"@id\":\"https:\\\/\\\/dianasuperhost.com\\\/de\\\/#website\"},\"datePublished\":\"2020-09-11T16:56:10+00:00\",\"dateModified\":\"2020-09-11T16:56:13+00:00\",\"breadcrumb\":{\"@id\":\"https:\\\/\\\/dianasuperhost.com\\\/de\\\/cookie-richtlinie\\\/#breadcrumb\"},\"inLanguage\":\"de\",\"potentialAction\":[{\"@type\":\"ReadAction\",\"target\":[\"https:\\\/\\\/dianasuperhost.com\\\/de\\\/cookie-richtlinie\\\/\"]}]},{\"@type\":\"BreadcrumbList\",\"@id\":\"https:\\\/\\\/dianasuperhost.com\\\/de\\\/cookie-richtlinie\\\/#breadcrumb\",\"itemListElement\":[{\"@type\":\"ListItem\",\"position\":1,\"name\":\"Portada\",\"item\":\"https:\\\/\\\/dianasuperhost.com\\\/de\\\/inicio\\\/\"},{\"@type\":\"ListItem\",\"position\":2,\"name\":\"Cookie-Richtlinie\"}]},{\"@type\":\"WebSite\",\"@id\":\"https:\\\/\\\/dianasuperhost.com\\\/de\\\/#website\",\"url\":\"https:\\\/\\\/dianasuperhost.com\\\/de\\\/\",\"name\":\"Diana Superhost\",\"description\":\"El mejor hospedaje en Tenerife\",\"potentialAction\":[{\"@type\":\"SearchAction\",\"target\":{\"@type\":\"EntryPoint\",\"urlTemplate\":\"https:\\\/\\\/dianasuperhost.com\\\/de\\\/?s={search_term_string}\"},\"query-input\":{\"@type\":\"PropertyValueSpecification\",\"valueRequired\":true,\"valueName\":\"search_term_string\"}}],\"inLanguage\":\"de\"}]}<\/script>\n<!-- \/ Yoast SEO plugin. -->","yoast_head_json":{"title":"Cookie-Richtlinie &#8226; Diana Superhost","robots":{"index":"index","follow":"follow","max-snippet":"max-snippet:-1","max-image-preview":"max-image-preview:large","max-video-preview":"max-video-preview:-1"},"canonical":"https:\/\/dianasuperhost.com\/de\/cookie-richtlinie\/","twitter_card":"summary_large_image","twitter_title":"Cookie-Richtlinie &#8226; Diana Superhost","twitter_description":"Cookie-Richtlinie DIANA GAZZANEO ARIAS DIANA SUPERHOST, enth\u00e4lt hiermit seine Cookie Collection and Processing Policy, in \u00dcbereinstimmung mit Artikel 22.2 des Gesetzes 34\/2002, vom 11. Juli, Dienstleistungen der Informationsgesellschaft und des HandelsElektronik (LSSICE). Cookies werden auf dem Endger\u00e4t des Benutzers (Computer oder Mobilger\u00e4t) gespeichert und sammeln Informationen beim Besuch der Website https:\/\/www.dianasuperhost.com\/, um die Benutzerfreundlichkeit zu ... Weiterlesen","twitter_misc":{"Gesch\u00e4tzte Lesezeit":"3\u00a0Minuten"},"schema":{"@context":"https:\/\/schema.org","@graph":[{"@type":"WebPage","@id":"https:\/\/dianasuperhost.com\/de\/cookie-richtlinie\/","url":"https:\/\/dianasuperhost.com\/de\/cookie-richtlinie\/","name":"Cookie-Richtlinie &#8226; Diana Superhost","isPartOf":{"@id":"https:\/\/dianasuperhost.com\/de\/#website"},"datePublished":"2020-09-11T16:56:10+00:00","dateModified":"2020-09-11T16:56:13+00:00","breadcrumb":{"@id":"https:\/\/dianasuperhost.com\/de\/cookie-richtlinie\/#breadcrumb"},"inLanguage":"de","potentialAction":[{"@type":"ReadAction","target":["https:\/\/dianasuperhost.com\/de\/cookie-richtlinie\/"]}]},{"@type":"BreadcrumbList","@id":"https:\/\/dianasuperhost.com\/de\/cookie-richtlinie\/#breadcrumb","itemListElement":[{"@type":"ListItem","position":1,"name":"Portada","item":"https:\/\/dianasuperhost.com\/de\/inicio\/"},{"@type":"ListItem","position":2,"name":"Cookie-Richtlinie"}]},{"@type":"WebSite","@id":"https:\/\/dianasuperhost.com\/de\/#website","url":"https:\/\/dianasuperhost.com\/de\/","name":"Diana Superhost","description":"El mejor hospedaje en Tenerife","potentialAction":[{"@type":"SearchAction","target":{"@type":"EntryPoint","urlTemplate":"https:\/\/dianasuperhost.com\/de\/?s={search_term_string}"},"query-input":{"@type":"PropertyValueSpecification","valueRequired":true,"valueName":"search_term_string"}}],"inLanguage":"de"}]}},"_links":{"self":[{"href":"https:\/\/dianasuperhost.com\/de\/wp-json\/wp\/v2\/pages\/2054","targetHints":{"allow":["GET"]}}],"collection":[{"href":"https:\/\/dianasuperhost.com\/de\/wp-json\/wp\/v2\/pages"}],"about":[{"href":"https:\/\/dianasuperhost.com\/de\/wp-json\/wp\/v2\/types\/page"}],"author":[{"embeddable":true,"href":"https:\/\/dianasuperhost.com\/de\/wp-json\/wp\/v2\/users\/1"}],"replies":[{"embeddable":true,"href":"https:\/\/dianasuperhost.com\/de\/wp-json\/wp\/v2\/comments?post=2054"}],"version-history":[{"count":4,"href":"https:\/\/dianasuperhost.com\/de\/wp-json\/wp\/v2\/pages\/2054\/revisions"}],"predecessor-version":[{"id":2058,"href":"https:\/\/dianasuperhost.com\/de\/wp-json\/wp\/v2\/pages\/2054\/revisions\/2058"}],"wp:attachment":[{"href":"https:\/\/dianasuperhost.com\/de\/wp-json\/wp\/v2\/media?parent=2054"}],"curies":[{"name":"wp","href":"https:\/\/api.w.org\/{rel}","templated":true}]}}