{"id":1922,"date":"2020-09-11T16:16:51","date_gmt":"2020-09-11T16:16:51","guid":{"rendered":"https:\/\/www.dianasuperhost.com\/datenschutz\/"},"modified":"2020-09-11T16:16:59","modified_gmt":"2020-09-11T16:16:59","slug":"datenschutz","status":"publish","type":"page","link":"https:\/\/dianasuperhost.com\/de\/datenschutz\/","title":{"rendered":"Datenschutz"},"content":{"rendered":"\t\t<div data-elementor-type=\"wp-page\" data-elementor-id=\"1922\" class=\"elementor elementor-1922 elementor-1765\" data-elementor-post-type=\"page\">\n\t\t\t\t\t\t<section class=\"elementor-section elementor-top-section elementor-element elementor-element-21d533be elementor-section-full_width elementor-section-height-min-height elementor-section-height-default elementor-section-items-middle\" data-id=\"21d533be\" data-element_type=\"section\" data-e-type=\"section\" data-settings=\"{&quot;background_background&quot;:&quot;classic&quot;}\">\n\t\t\t\t\t\t\t<div class=\"elementor-background-overlay\"><\/div>\n\t\t\t\t\t\t\t<div class=\"elementor-container elementor-column-gap-default\">\n\t\t\t\t\t<div class=\"elementor-column elementor-col-100 elementor-top-column elementor-element elementor-element-25ee4d81\" data-id=\"25ee4d81\" data-element_type=\"column\" data-e-type=\"column\">\n\t\t\t<div class=\"elementor-widget-wrap elementor-element-populated\">\n\t\t\t\t\t\t<div class=\"elementor-element elementor-element-2a990595 elementor-invisible elementor-widget elementor-widget-heading\" data-id=\"2a990595\" data-element_type=\"widget\" data-e-type=\"widget\" data-settings=\"{&quot;_animation&quot;:&quot;fadeInRight&quot;}\" data-widget_type=\"heading.default\">\n\t\t\t\t<div class=\"elementor-widget-container\">\n\t\t\t\t\t<h1 class=\"elementor-heading-title elementor-size-default\">Datenschutz<\/h1>\t\t\t\t<\/div>\n\t\t\t\t<\/div>\n\t\t\t\t\t<\/div>\n\t\t<\/div>\n\t\t\t\t\t<\/div>\n\t\t<\/section>\n\t\t\t\t<section class=\"elementor-section elementor-inner-section elementor-element elementor-element-feb3347 elementor-section-boxed elementor-section-height-default elementor-section-height-default\" data-id=\"feb3347\" data-element_type=\"section\" data-e-type=\"section\">\n\t\t\t\t\t\t<div class=\"elementor-container elementor-column-gap-default\">\n\t\t\t\t\t<div class=\"elementor-column elementor-col-100 elementor-inner-column elementor-element elementor-element-f6ca0bd elementor-invisible\" data-id=\"f6ca0bd\" data-element_type=\"column\" data-e-type=\"column\" data-settings=\"{&quot;background_background&quot;:&quot;classic&quot;,&quot;animation&quot;:&quot;fadeInRight&quot;}\">\n\t\t\t<div class=\"elementor-widget-wrap elementor-element-populated\">\n\t\t\t\t\t\t<div class=\"elementor-element elementor-element-6513d17 elementor-widget elementor-widget-heading\" data-id=\"6513d17\" data-element_type=\"widget\" data-e-type=\"widget\" data-widget_type=\"heading.default\">\n\t\t\t\t<div class=\"elementor-widget-container\">\n\t\t\t\t\t<h6 class=\"elementor-heading-title elementor-size-default\">Daten des f\u00fcr die Verarbeitung Verantwortlichen:<\/h6>\t\t\t\t<\/div>\n\t\t\t\t<\/div>\n\t\t\t\t<div class=\"elementor-element elementor-element-220a590 elementor-widget elementor-widget-text-editor\" data-id=\"220a590\" data-element_type=\"widget\" data-e-type=\"widget\" data-widget_type=\"text-editor.default\">\n\t\t\t\t<div class=\"elementor-widget-container\">\n\t\t\t\t\t\t\t\t\t<p>DIANA GAZZANEO ARIAS 42243590L<br \/>C\/Juan P\u00e9rez Delgado Nijota, 32. Etage 1. Linke T\u00fcr &#8211; 38006 &#8211; Santa Cruz de Tenerife -SANTA CRUZ DE TENERIFE<br \/>Telefon 654249089<\/p>\n\t\t\t\t\t\t\t\t<\/div>\n\t\t\t\t<\/div>\n\t\t\t\t<div class=\"elementor-element elementor-element-cbfe827 elementor-widget elementor-widget-text-editor\" data-id=\"cbfe827\" data-element_type=\"widget\" data-e-type=\"widget\" data-widget_type=\"text-editor.default\">\n\t\t\t\t<div class=\"elementor-widget-container\">\n\t\t\t\t\t\t\t\t\t<p>In \u00dcbereinstimmung mit den Bestimmungen der Datenschutz-Grundverordnung 2016\/679 (DSGVO) und des Organgesetzes 3\/2018 vom 5. Dezember \u00fcber den Schutz personenbezogener Daten und die Garantie digitaler Rechte informieren wir Sie, dass Ihre Daten in unser Verarbeitungssystem aufgenommen werden, um Ihnen die angeforderten oder vertraglich vereinbarten Dienstleistungen zur Verf\u00fcgung zu stellen, und senden Ihnen kommerzielle Informationen \u00fcber unsere Produkte oder Dienstleistungen. Die zur Verf\u00fcgung gestellten Daten werden so lange aufbewahrt, wie das Gesch\u00e4ftsverh\u00e4ltnis aufrechterhalten wird, oder so lange, wie dies zur Erf\u00fcllung gesetzlicher Verpflichtungen erforderlich ist. Die Daten werden nicht an Dritte weitergegeben, es sei denn, es besteht eine gesetzliche Verpflichtung und wir werden sie auf der Grundlage Ihrer Einwilligung oder der Vertragsabwicklung oder durch gesetzliche Verpflichtung verarbeiten.<br \/>Die erhaltenen Daten werden nur zu dem Zweck verarbeitet, f\u00fcr den sie erhoben werden, unter Wahrung der Grunds\u00e4tze der Vertraulichkeit, der Qualit\u00e4t und der Verh\u00e4ltnism\u00e4\u00dfigkeit. Diese Daten m\u00fcssen immer relevant, angemessen und nicht \u00fcberm\u00e4\u00dfig sein.<br \/>Wir informieren Sie auch \u00fcber die M\u00f6glichkeit, die folgenden Rechte an Ihren personenbezogenen Daten auszu\u00fcben: Recht auf Zugang, Berichtigung, L\u00f6schung oder Vergesslichkeit, Einschr\u00e4nkung, Widerspruch, \u00dcbertragbarkeit und Widerruf der erteilten Einwilligung.<\/p>\n<p>Dazu k\u00f6nnen Sie eine E-Mail <a href=\"mailto:info@dianasuperhost.com\">an: info@dianasuperhost.com<\/a> oder einen Brief an  <b>DIANA GAZZANEO ARIAS C\/Juan P\u00e9rez Delgado Nijota, 32. Etage 1. Linke T\u00fcr &#8211; 38006 &#8211; Santa Cruz de Tenerife &#8211; SANTA CRUZ DE TENERIFE<\/b><\/p>\n<p>Dar\u00fcber hinaus kann sich die betroffene Person an die zust\u00e4ndige Datenschutzbeh\u00f6rde wenden, um weitere Informationen zu erhalten oder eine Beschwerde einzureichen.<\/p>\n<p>Anpassung gemacht von: Datum: 29-05-2020<br \/>OPTIMIZA SERVICIOS GLOBALES CANARIAS S.L<\/p>\n\t\t\t\t\t\t\t\t<\/div>\n\t\t\t\t<\/div>\n\t\t\t\t\t<\/div>\n\t\t<\/div>\n\t\t\t\t\t<\/div>\n\t\t<\/section>\n\t\t\t\t<section class=\"elementor-section elementor-top-section elementor-element elementor-element-7553600 elementor-section-boxed elementor-section-height-default elementor-section-height-default\" data-id=\"7553600\" data-element_type=\"section\" data-e-type=\"section\">\n\t\t\t\t\t\t<div class=\"elementor-container elementor-column-gap-default\">\n\t\t\t\t\t<div class=\"elementor-column elementor-col-100 elementor-top-column elementor-element elementor-element-bc6ef8f\" data-id=\"bc6ef8f\" data-element_type=\"column\" data-e-type=\"column\">\n\t\t\t<div class=\"elementor-widget-wrap elementor-element-populated\">\n\t\t\t\t\t\t<div class=\"elementor-element elementor-element-a54623b elementor-widget elementor-widget-spacer\" data-id=\"a54623b\" data-element_type=\"widget\" data-e-type=\"widget\" data-widget_type=\"spacer.default\">\n\t\t\t\t<div class=\"elementor-widget-container\">\n\t\t\t\t\t\t\t<div class=\"elementor-spacer\">\n\t\t\t<div class=\"elementor-spacer-inner\"><\/div>\n\t\t<\/div>\n\t\t\t\t\t\t<\/div>\n\t\t\t\t<\/div>\n\t\t\t\t\t<\/div>\n\t\t<\/div>\n\t\t\t\t\t<\/div>\n\t\t<\/section>\n\t\t\t\t<\/div>\n\t\t","protected":false},"excerpt":{"rendered":"<p>Datenschutz Daten des f\u00fcr die Verarbeitung Verantwortlichen: DIANA GAZZANEO ARIAS 42243590LC\/Juan P\u00e9rez Delgado Nijota, 32. Etage 1. Linke T\u00fcr &#8211; 38006 &#8211; Santa Cruz de Tenerife -SANTA CRUZ DE TENERIFETelefon 654249089 In \u00dcbereinstimmung mit den Bestimmungen der Datenschutz-Grundverordnung 2016\/679 (DSGVO) und des Organgesetzes 3\/2018 vom 5. Dezember \u00fcber den Schutz personenbezogener Daten und die Garantie &#8230; <a title=\"Datenschutz\" class=\"read-more\" href=\"https:\/\/dianasuperhost.com\/de\/datenschutz\/\" aria-label=\"Mehr Informationen \u00fcber Datenschutz\">Weiterlesen<\/a><\/p>\n","protected":false},"author":1,"featured_media":0,"parent":0,"menu_order":0,"comment_status":"closed","ping_status":"closed","template":"elementor_header_footer","meta":{"_joinchat":[],"footnotes":""},"class_list":["post-1922","page","type-page","status-publish"],"yoast_head":"<!-- This site is optimized with the Yoast SEO plugin v27.5 - https:\/\/yoast.com\/product\/yoast-seo-wordpress\/ -->\n<title>Datenschutz &#8226; Diana Superhost<\/title>\n<meta name=\"robots\" content=\"index, follow, max-snippet:-1, max-image-preview:large, max-video-preview:-1\" \/>\n<link rel=\"canonical\" href=\"https:\/\/dianasuperhost.com\/de\/datenschutz\/\" \/>\n<meta name=\"twitter:card\" content=\"summary_large_image\" \/>\n<meta name=\"twitter:title\" content=\"Datenschutz &#8226; Diana Superhost\" \/>\n<meta name=\"twitter:description\" content=\"Datenschutz Daten des f\u00fcr die Verarbeitung Verantwortlichen: DIANA GAZZANEO ARIAS 42243590LC\/Juan P\u00e9rez Delgado Nijota, 32. Etage 1. Linke T\u00fcr &#8211; 38006 &#8211; Santa Cruz de Tenerife -SANTA CRUZ DE TENERIFETelefon 654249089 In \u00dcbereinstimmung mit den Bestimmungen der Datenschutz-Grundverordnung 2016\/679 (DSGVO) und des Organgesetzes 3\/2018 vom 5. Dezember \u00fcber den Schutz personenbezogener Daten und die Garantie ... Weiterlesen\" \/>\n<meta name=\"twitter:label1\" content=\"Gesch\u00e4tzte Lesezeit\" \/>\n\t<meta name=\"twitter:data1\" content=\"1\u00a0Minute\" \/>\n<script type=\"application\/ld+json\" class=\"yoast-schema-graph\">{\"@context\":\"https:\\\/\\\/schema.org\",\"@graph\":[{\"@type\":\"WebPage\",\"@id\":\"https:\\\/\\\/dianasuperhost.com\\\/de\\\/datenschutz\\\/\",\"url\":\"https:\\\/\\\/dianasuperhost.com\\\/de\\\/datenschutz\\\/\",\"name\":\"Datenschutz &#8226; Diana Superhost\",\"isPartOf\":{\"@id\":\"https:\\\/\\\/dianasuperhost.com\\\/de\\\/#website\"},\"datePublished\":\"2020-09-11T16:16:51+00:00\",\"dateModified\":\"2020-09-11T16:16:59+00:00\",\"breadcrumb\":{\"@id\":\"https:\\\/\\\/dianasuperhost.com\\\/de\\\/datenschutz\\\/#breadcrumb\"},\"inLanguage\":\"de\",\"potentialAction\":[{\"@type\":\"ReadAction\",\"target\":[\"https:\\\/\\\/dianasuperhost.com\\\/de\\\/datenschutz\\\/\"]}]},{\"@type\":\"BreadcrumbList\",\"@id\":\"https:\\\/\\\/dianasuperhost.com\\\/de\\\/datenschutz\\\/#breadcrumb\",\"itemListElement\":[{\"@type\":\"ListItem\",\"position\":1,\"name\":\"Portada\",\"item\":\"https:\\\/\\\/dianasuperhost.com\\\/de\\\/inicio\\\/\"},{\"@type\":\"ListItem\",\"position\":2,\"name\":\"Datenschutz\"}]},{\"@type\":\"WebSite\",\"@id\":\"https:\\\/\\\/dianasuperhost.com\\\/de\\\/#website\",\"url\":\"https:\\\/\\\/dianasuperhost.com\\\/de\\\/\",\"name\":\"Diana Superhost\",\"description\":\"El mejor hospedaje en Tenerife\",\"potentialAction\":[{\"@type\":\"SearchAction\",\"target\":{\"@type\":\"EntryPoint\",\"urlTemplate\":\"https:\\\/\\\/dianasuperhost.com\\\/de\\\/?s={search_term_string}\"},\"query-input\":{\"@type\":\"PropertyValueSpecification\",\"valueRequired\":true,\"valueName\":\"search_term_string\"}}],\"inLanguage\":\"de\"}]}<\/script>\n<!-- \/ Yoast SEO plugin. -->","yoast_head_json":{"title":"Datenschutz &#8226; Diana Superhost","robots":{"index":"index","follow":"follow","max-snippet":"max-snippet:-1","max-image-preview":"max-image-preview:large","max-video-preview":"max-video-preview:-1"},"canonical":"https:\/\/dianasuperhost.com\/de\/datenschutz\/","twitter_card":"summary_large_image","twitter_title":"Datenschutz &#8226; Diana Superhost","twitter_description":"Datenschutz Daten des f\u00fcr die Verarbeitung Verantwortlichen: DIANA GAZZANEO ARIAS 42243590LC\/Juan P\u00e9rez Delgado Nijota, 32. Etage 1. Linke T\u00fcr &#8211; 38006 &#8211; Santa Cruz de Tenerife -SANTA CRUZ DE TENERIFETelefon 654249089 In \u00dcbereinstimmung mit den Bestimmungen der Datenschutz-Grundverordnung 2016\/679 (DSGVO) und des Organgesetzes 3\/2018 vom 5. Dezember \u00fcber den Schutz personenbezogener Daten und die Garantie ... Weiterlesen","twitter_misc":{"Gesch\u00e4tzte Lesezeit":"1\u00a0Minute"},"schema":{"@context":"https:\/\/schema.org","@graph":[{"@type":"WebPage","@id":"https:\/\/dianasuperhost.com\/de\/datenschutz\/","url":"https:\/\/dianasuperhost.com\/de\/datenschutz\/","name":"Datenschutz &#8226; Diana Superhost","isPartOf":{"@id":"https:\/\/dianasuperhost.com\/de\/#website"},"datePublished":"2020-09-11T16:16:51+00:00","dateModified":"2020-09-11T16:16:59+00:00","breadcrumb":{"@id":"https:\/\/dianasuperhost.com\/de\/datenschutz\/#breadcrumb"},"inLanguage":"de","potentialAction":[{"@type":"ReadAction","target":["https:\/\/dianasuperhost.com\/de\/datenschutz\/"]}]},{"@type":"BreadcrumbList","@id":"https:\/\/dianasuperhost.com\/de\/datenschutz\/#breadcrumb","itemListElement":[{"@type":"ListItem","position":1,"name":"Portada","item":"https:\/\/dianasuperhost.com\/de\/inicio\/"},{"@type":"ListItem","position":2,"name":"Datenschutz"}]},{"@type":"WebSite","@id":"https:\/\/dianasuperhost.com\/de\/#website","url":"https:\/\/dianasuperhost.com\/de\/","name":"Diana Superhost","description":"El mejor hospedaje en Tenerife","potentialAction":[{"@type":"SearchAction","target":{"@type":"EntryPoint","urlTemplate":"https:\/\/dianasuperhost.com\/de\/?s={search_term_string}"},"query-input":{"@type":"PropertyValueSpecification","valueRequired":true,"valueName":"search_term_string"}}],"inLanguage":"de"}]}},"_links":{"self":[{"href":"https:\/\/dianasuperhost.com\/de\/wp-json\/wp\/v2\/pages\/1922","targetHints":{"allow":["GET"]}}],"collection":[{"href":"https:\/\/dianasuperhost.com\/de\/wp-json\/wp\/v2\/pages"}],"about":[{"href":"https:\/\/dianasuperhost.com\/de\/wp-json\/wp\/v2\/types\/page"}],"author":[{"embeddable":true,"href":"https:\/\/dianasuperhost.com\/de\/wp-json\/wp\/v2\/users\/1"}],"replies":[{"embeddable":true,"href":"https:\/\/dianasuperhost.com\/de\/wp-json\/wp\/v2\/comments?post=1922"}],"version-history":[{"count":5,"href":"https:\/\/dianasuperhost.com\/de\/wp-json\/wp\/v2\/pages\/1922\/revisions"}],"predecessor-version":[{"id":1929,"href":"https:\/\/dianasuperhost.com\/de\/wp-json\/wp\/v2\/pages\/1922\/revisions\/1929"}],"wp:attachment":[{"href":"https:\/\/dianasuperhost.com\/de\/wp-json\/wp\/v2\/media?parent=1922"}],"curies":[{"name":"wp","href":"https:\/\/api.w.org\/{rel}","templated":true}]}}